{"id":5243,"date":"2023-04-07T13:38:29","date_gmt":"2023-04-07T12:38:29","guid":{"rendered":"https:\/\/incrediweb.be\/demander-une-demonstration\/"},"modified":"2024-09-03T09:57:57","modified_gmt":"2024-09-03T08:57:57","slug":"demander-une-demonstration","status":"publish","type":"page","link":"https:\/\/incrediweb.be\/fr\/demander-une-demonstration\/","title":{"rendered":"Demander une d\u00e9monstration"},"content":{"rendered":"<p>[et_pb_section fb_built=\u00a0\u00bb1&Prime; _builder_version=\u00a0\u00bb4.20.4&Prime; _module_preset=\u00a0\u00bbdefault\u00a0\u00bb custom_padding=\u00a0\u00bb0px||0px|||\u00a0\u00bb global_colors_info=\u00a0\u00bb{}\u00a0\u00bb theme_builder_area=\u00a0\u00bbpost_content\u00a0\u00bb][et_pb_row _builder_version=\u00a0\u00bb4.23.1&Prime; _module_preset=\u00a0\u00bbdefault\u00a0\u00bb custom_padding=\u00a0\u00bb||1px|||\u00a0\u00bb global_colors_info=\u00a0\u00bb{}\u00a0\u00bb theme_builder_area=\u00a0\u00bbpost_content\u00a0\u00bb][et_pb_column type=\u00a0\u00bb4_4&Prime; _builder_version=\u00a0\u00bb4.23.1&Prime; _module_preset=\u00a0\u00bbdefault\u00a0\u00bb global_colors_info=\u00a0\u00bb{}\u00a0\u00bb theme_builder_area=\u00a0\u00bbpost_content\u00a0\u00bb][et_pb_text _builder_version=\u00a0\u00bb4.23.1&Prime; _module_preset=\u00a0\u00bbdefault\u00a0\u00bb global_colors_info=\u00a0\u00bb{}\u00a0\u00bb theme_builder_area=\u00a0\u00bbpost_content\u00a0\u00bb]<\/p>\n<h1>Demander un site web test gratuit<\/h1>\n<p>[\/et_pb_text][\/et_pb_column][\/et_pb_row][et_pb_row column_structure=\u00a0\u00bb1_2,1_2&Prime; _builder_version=\u00a0\u00bb4.23.1&Prime; _module_preset=\u00a0\u00bbdefault\u00a0\u00bb custom_padding=\u00a0\u00bb||60px|||\u00a0\u00bb global_colors_info=\u00a0\u00bb{}\u00a0\u00bb theme_builder_area=\u00a0\u00bbpost_content\u00a0\u00bb][et_pb_column type=\u00a0\u00bb1_2&Prime; _builder_version=\u00a0\u00bb4.23.1&Prime; _module_preset=\u00a0\u00bbdefault\u00a0\u00bb global_colors_info=\u00a0\u00bb{}\u00a0\u00bb theme_builder_area=\u00a0\u00bbpost_content\u00a0\u00bb][et_pb_text _builder_version=\u00a0\u00bb4.23.1&Prime; _module_preset=\u00a0\u00bbdefault\u00a0\u00bb global_colors_info=\u00a0\u00bb{}\u00a0\u00bb theme_builder_area=\u00a0\u00bbpost_content\u00a0\u00bb]<\/p>\n<p>Nous sommes heureux de vous offrir la possibilit\u00e9 de <strong>tester gratuitement un site Incrediweb<\/strong>.<\/p>\n<p><strong>Il vous suffit de remplir le formulaire de demande sur cette page et nous mettrons en place un site web test bas\u00e9 sur le style de votre entreprise.<\/strong><\/p>\n<p>Nos sites web sont bas\u00e9s sur des mod\u00e8les, que vous pouvez trouver sur <a href=\"https:\/\/incrediweb.be\/fr\/template\/\" target=\"_blank\" rel=\"noopener\">notre page de conception de sites web<\/a>. Ce mod\u00e8le constitue la base de votre site web, auquel nous appliquons votre logo, votre identit\u00e9 d&rsquo;entreprise, vos couleurs, votre police de caract\u00e8res et votre contenu.<\/p>\n<p><strong>\u00cates-vous satisfait de votre site web test<\/strong>? <strong>Nous lancerons ensuite votre site web enti\u00e8rement termin\u00e9 dans un d\u00e9lai de 10 jours ouvrables. Et ce, sans frais de d\u00e9marrage \u00e9lev\u00e9s.<\/strong> Vous ne payez qu&rsquo;un prix forfaitaire mensuel (ou un prix annuel avec une r\u00e9duction int\u00e9ressante).<\/p>\n<p><strong>Vous pouvez disposer d&rsquo;un site Incrediweb \u00e0 partir de 49 \u20ac\/mois hors TVA.<\/strong><\/p>\n<p>Cette demande est <strong>totalement non contraignante<\/strong> et ne vous engage pas \u00e0 utiliser les services d&rsquo;Incrediweb. Qu&rsquo;attendez-vous donc ? Nous sommes d\u00e9j\u00e0 pr\u00eats \u00e0 construire le site de vos r\u00eaves.<\/p>\n<p>[\/et_pb_text][et_pb_button button_url=\u00a0\u00bb@ET-DC@eyJkeW5hbWljIjp0cnVlLCJjb250ZW50IjoicG9zdF9saW5rX3VybF9wcm9kdWN0Iiwic2V0dGluZ3MiOnsicG9zdF9pZCI6IjM4OTEifX0=@\u00a0\u00bb button_text=\u00a0\u00bbNotre formule de site web tout compris\u00a0\u00bb _builder_version=\u00a0\u00bb4.23.1&Prime; _dynamic_attributes=\u00a0\u00bbbutton_url\u00a0\u00bb _module_preset=\u00a0\u00bbdefault\u00a0\u00bb global_colors_info=\u00a0\u00bb{}\u00a0\u00bb theme_builder_area=\u00a0\u00bbpost_content\u00a0\u00bb][\/et_pb_button][\/et_pb_column][et_pb_column type=\u00a0\u00bb1_2&Prime; _builder_version=\u00a0\u00bb4.23.1&Prime; _module_preset=\u00a0\u00bbdefault\u00a0\u00bb global_colors_info=\u00a0\u00bb{}\u00a0\u00bb theme_builder_area=\u00a0\u00bbpost_content\u00a0\u00bb][et_pb_code module_class=\u00a0\u00bbdemo-form\u00a0\u00bb _builder_version=\u00a0\u00bb4.23.1&Prime; _module_preset=\u00a0\u00bbdefault\u00a0\u00bb global_colors_info=\u00a0\u00bb{}\u00a0\u00bb theme_builder_area=\u00a0\u00bbpost_content\u00a0\u00bb]\n<div class=\"wpcf7 no-js\" id=\"wpcf7-f4722-o1\" lang=\"fr-FR\" dir=\"ltr\" data-wpcf7-id=\"4722\">\n<div class=\"screen-reader-response\"><p role=\"status\" aria-live=\"polite\" aria-atomic=\"true\"><\/p> <ul><\/ul><\/div>\n<form action=\"\/fr\/wp-json\/wp\/v2\/pages\/5243#wpcf7-f4722-o1\" method=\"post\" class=\"wpcf7-form init\" aria-label=\"Formulaire de contact\" novalidate=\"novalidate\" data-status=\"init\">\n<fieldset class=\"hidden-fields-container\"><input type=\"hidden\" name=\"_wpcf7\" value=\"4722\" \/><input type=\"hidden\" name=\"_wpcf7_version\" value=\"6.1.2\" \/><input type=\"hidden\" name=\"_wpcf7_locale\" value=\"fr_FR\" \/><input type=\"hidden\" name=\"_wpcf7_unit_tag\" value=\"wpcf7-f4722-o1\" \/><input type=\"hidden\" name=\"_wpcf7_container_post\" value=\"0\" \/><input type=\"hidden\" name=\"_wpcf7_posted_data_hash\" value=\"\" \/><input type=\"hidden\" name=\"_wpcf7dtx_version\" value=\"5.0.3\" \/><input type=\"hidden\" name=\"_wpcf7_recaptcha_response\" value=\"\" \/>\n<\/fieldset>\n<h2>Tests gratuits\n<\/h2>\n<p>Testez gratuitement un site Incrediweb. La demande de d\u00e9monstration ne prend qu'une minute et est enti\u00e8rement gratuite.\n<\/p>\n<p><label> Votre nom*<br \/>\n<span class=\"wpcf7-form-control-wrap\" data-name=\"your-name\"><input size=\"40\" maxlength=\"400\" class=\"wpcf7-form-control wpcf7-text wpcf7-validates-as-required\" autocomplete=\"name\" aria-required=\"true\" aria-invalid=\"false\" placeholder=\"Votre nom (obligatoire)\" value=\"\" type=\"text\" name=\"your-name\" \/><\/span> <\/label>\n<\/p>\n<p><label> Le nom de votre entreprise*<br \/>\n<span class=\"wpcf7-form-control-wrap\" data-name=\"your-company\"><input size=\"40\" maxlength=\"400\" class=\"wpcf7-form-control wpcf7-text wpcf7-validates-as-required\" autocomplete=\"company\" aria-required=\"true\" aria-invalid=\"false\" placeholder=\"Nom de votre entreprise ou site web actuel (obligatoire)\" value=\"\" type=\"text\" name=\"your-company\" \/><\/span> <\/label>\n<\/p>\n<p><label> Votre email*<br \/>\n<span class=\"wpcf7-form-control-wrap\" data-name=\"your-email\"><input size=\"40\" maxlength=\"400\" class=\"wpcf7-form-control wpcf7-email wpcf7-validates-as-required wpcf7-text wpcf7-validates-as-email\" autocomplete=\"email\" aria-required=\"true\" aria-invalid=\"false\" placeholder=\"Votre adresse \u00e9lectronique (obligatoire)\" value=\"\" type=\"email\" name=\"your-email\" \/><\/span> <\/label>\n<\/p>\n<p><label> Votre num\u00e9ro de t\u00e9l\u00e9phone (facultatif)<br \/>\n<span class=\"wpcf7-form-control-wrap\" data-name=\"your-tel\"><input size=\"40\" maxlength=\"400\" class=\"wpcf7-form-control wpcf7-tel wpcf7-text wpcf7-validates-as-tel\" autocomplete=\"telephone\" aria-invalid=\"false\" placeholder=\"Votre num\u00e9ro de t\u00e9l\u00e9phone (facultatif)\" value=\"\" type=\"tel\" name=\"your-tel\" \/><\/span> <\/label>\n<\/p>\n<p><label> Une br\u00e8ve description de votre entreprise (facultatif)<br \/>\n<span class=\"wpcf7-form-control-wrap\" data-name=\"your-message\"><textarea cols=\"40\" rows=\"10\" maxlength=\"2000\" class=\"wpcf7-form-control wpcf7-textarea\" aria-invalid=\"false\" placeholder=\"Saisissez ici toute information susceptible de nous aider \u00e0 cr\u00e9er votre site web test, comme le lien vers votre page Facebook, votre site web actuel, une br\u00e8ve description de votre entreprise et les couleurs que vous pr\u00e9f\u00e9rez.\" name=\"your-message\"><\/textarea><\/span><\/label>\n<\/p>\n<p><button class=\"wpcf7-form-control wpcf7-submit has-spinner et_pb_button et_pb_bg_layout_light\" type=\"submit\" value=\"Demander un site web test\">Demander un site web test<\/button>\n<\/p><div class=\"wpcf7-response-output\" aria-hidden=\"true\"><\/div>\n<\/form>\n<\/div>\n[\/et_pb_code][\/et_pb_column][\/et_pb_row][\/et_pb_section][et_pb_section fb_built=\u00a0\u00bb1&Prime; _builder_version=\u00a0\u00bb4.23.1&Prime; _module_preset=\u00a0\u00bbdefault\u00a0\u00bb global_colors_info=\u00a0\u00bb{}\u00a0\u00bb theme_builder_area=\u00a0\u00bbpost_content\u00a0\u00bb][et_pb_row _builder_version=\u00a0\u00bb4.23.1&Prime; _module_preset=\u00a0\u00bbdefault\u00a0\u00bb custom_padding=\u00a0\u00bb0px||0px|||\u00a0\u00bb global_colors_info=\u00a0\u00bb{}\u00a0\u00bb theme_builder_area=\u00a0\u00bbpost_content\u00a0\u00bb][et_pb_column type=\u00a0\u00bb4_4&Prime; _builder_version=\u00a0\u00bb4.23.1&Prime; _module_preset=\u00a0\u00bbdefault\u00a0\u00bb global_colors_info=\u00a0\u00bb{}\u00a0\u00bb theme_builder_area=\u00a0\u00bbpost_content\u00a0\u00bb][et_pb_text _builder_version=\u00a0\u00bb4.23.1&Prime; _module_preset=\u00a0\u00bbdefault\u00a0\u00bb global_colors_info=\u00a0\u00bb{}\u00a0\u00bb theme_builder_area=\u00a0\u00bbpost_content\u00a0\u00bb]<\/p>\n<h2 style=\"text-align: center;\">Ce que disent nos clients<\/h2>\n<p>[\/et_pb_text][et_pb_dp_oc number_post=\u00a0\u00bb24&Prime; cpt_name=\u00a0\u00bbtestimonial\u00a0\u00bb show_post_title=\u00a0\u00bbon\u00a0\u00bb custom_fields=\u00a0\u00bbon\u00a0\u00bb custom_field_names=\u00a0\u00bbbedrijf\u00a0\u00bb custom_field_labels=\u00a0\u00bb \u00a0\u00bb show_post_excerpt=\u00a0\u00bbon\u00a0\u00bb content_length=\u00a0\u00bbfull\u00a0\u00bb items_per_dot=\u00a0\u00bb1&Prime; use_hash_thumbnail=\u00a0\u00bbon\u00a0\u00bb center=\u00a0\u00bbon\u00a0\u00bb lightbox=\u00a0\u00bbon\u00a0\u00bb lightbox_gallery=\u00a0\u00bbon\u00a0\u00bb thumbnail_size=\u00a0\u00bbmedium_large\u00a0\u00bb number_thumb=\u00a0\u00bb2&Prime; number_thumb_tablet=\u00a0\u00bb2&Prime; item_align=\u00a0\u00bbcenter\u00a0\u00bb _builder_version=\u00a0\u00bb4.23.1&Prime; _module_preset=\u00a0\u00bbdefault\u00a0\u00bb custom_css_ocp_item=\u00a0\u00bbmargin-bottom:50px;||margin:0 35px 50px;||background-color:#f7f7f7;||padding:1rem 2ch;\u00a0\u00bb custom_css_ocp_item_image=\u00a0\u00bbaspect-ratio:1;||object-fit:contain;||max-width:150px;||margin:0 auto;\u00a0\u00bb custom_css_ocp_item_title=\u00a0\u00bbtext-align:center;\u00a0\u00bb custom_css_ocp_item_cf=\u00a0\u00bbtext-align:center;\u00a0\u00bb custom_css_ocp_hash_image=\u00a0\u00bbmargin:0 1ch;\u00a0\u00bb global_colors_info=\u00a0\u00bb{}\u00a0\u00bb theme_builder_area=\u00a0\u00bbpost_content\u00a0\u00bb][\/et_pb_dp_oc][\/et_pb_column][\/et_pb_row][\/et_pb_section][et_pb_section fb_built=\u00a0\u00bb1&Prime; _builder_version=\u00a0\u00bb4.23.1&Prime; _module_preset=\u00a0\u00bbdefault\u00a0\u00bb background_color=\u00a0\u00bb#f7f7f7&Prime; global_colors_info=\u00a0\u00bb{}\u00a0\u00bb theme_builder_area=\u00a0\u00bbpost_content\u00a0\u00bb][et_pb_row _builder_version=\u00a0\u00bb4.20.4&Prime; _module_preset=\u00a0\u00bbdefault\u00a0\u00bb custom_padding=\u00a0\u00bb0px|||||\u00a0\u00bb global_colors_info=\u00a0\u00bb{}\u00a0\u00bb theme_builder_area=\u00a0\u00bbpost_content\u00a0\u00bb][et_pb_column type=\u00a0\u00bb4_4&Prime; _builder_version=\u00a0\u00bb4.20.4&Prime; _module_preset=\u00a0\u00bbdefault\u00a0\u00bb global_colors_info=\u00a0\u00bb{}\u00a0\u00bb theme_builder_area=\u00a0\u00bbpost_content\u00a0\u00bb][et_pb_text _builder_version=\u00a0\u00bb4.27.0&Prime; _module_preset=\u00a0\u00bbdefault\u00a0\u00bb hover_enabled=\u00a0\u00bb0&Prime; global_colors_info=\u00a0\u00bb{}\u00a0\u00bb theme_builder_area=\u00a0\u00bbpost_content\u00a0\u00bb sticky_enabled=\u00a0\u00bb0&Prime;]<\/p>\n<h2>Ou demandez un site web de test complet<\/h2>\n<p>Avez-vous d\u00e9j\u00e0 pr\u00e9par\u00e9 des textes et des photos ? Utilisez ensuite le formulaire ci-dessous pour faire votre demande. Vous pouvez donc nous fournir tout le contenu et votre site web test sera enti\u00e8rement personnalis\u00e9 pour votre entreprise.<\/p>\n<div data-tf-live=\"01J6VHN3WD10N66HWC7XFYXAZX\"><\/div>\n<p><script src=\"\/\/embed.typeform.com\/next\/embed.js\"><\/script>[\/et_pb_text][\/et_pb_column][\/et_pb_row][\/et_pb_section][et_pb_section fb_built=\u00a0\u00bb1&Prime; _builder_version=\u00a0\u00bb4.23.1&Prime; _module_preset=\u00a0\u00bbdefault\u00a0\u00bb custom_padding=\u00a0\u00bb0px|||||\u00a0\u00bb global_colors_info=\u00a0\u00bb{}\u00a0\u00bb theme_builder_area=\u00a0\u00bbpost_content\u00a0\u00bb][et_pb_row _builder_version=\u00a0\u00bb4.23.1&Prime; _module_preset=\u00a0\u00bbdefault\u00a0\u00bb global_colors_info=\u00a0\u00bb{}\u00a0\u00bb theme_builder_area=\u00a0\u00bbpost_content\u00a0\u00bb][et_pb_column type=\u00a0\u00bb4_4&Prime; _builder_version=\u00a0\u00bb4.23.1&Prime; _module_preset=\u00a0\u00bbdefault\u00a0\u00bb global_colors_info=\u00a0\u00bb{}\u00a0\u00bb theme_builder_area=\u00a0\u00bbpost_content\u00a0\u00bb][et_pb_text _builder_version=\u00a0\u00bb4.23.1&Prime; _module_preset=\u00a0\u00bbdefault\u00a0\u00bb global_colors_info=\u00a0\u00bb{}\u00a0\u00bb theme_builder_area=\u00a0\u00bbpost_content\u00a0\u00bb]<\/p>\n<h2>D\u00e9couvrez nos conceptions de sites web<\/h2>\n<p>Trouvez l&rsquo;inspiration pour votre nouveau site web dans notre vaste gamme de designs de sites web. <\/p>\n<p>Vous ne trouvez pas votre bonheur dans notre gamme actuelle ? <a href=\"https:\/\/incrediweb.be\/fr\/contact\/\">Contactez-nous<\/a> et nous serons heureux de voir si nous pouvons cr\u00e9er un nouveau mod\u00e8le qui correspond mieux \u00e0 votre entreprise.<\/p>\n<p>[\/et_pb_text][dpdfg_filtergrid custom_query=\u00a0\u00bbarchive\u00a0\u00bb multiple_cpt=\u00a0\u00bbtemplate\u00a0\u00bb post_number=\u00a0\u00bb9999&Prime; orderby=\u00a0\u00bbtype\u00a0\u00bb thumbnail_size=\u00a0\u00bbdfg_full\u00a0\u00bb title_link=\u00a0\u00bbon\u00a0\u00bb show_post_meta=\u00a0\u00bboff\u00a0\u00bb filter_taxonomies=\u00a0\u00bbtemplate_categories\u00a0\u00bb show_pagination=\u00a0\u00bboff\u00a0\u00bb items_width=\u00a0\u00bb25%\u00a0\u00bb column_gutter=\u00a0\u00bb7em\u00a0\u00bb row_gutter=\u00a0\u00bb7em\u00a0\u00bb use_overlay_icon=\u00a0\u00bboff\u00a0\u00bb hover_overlay_color=\u00a0\u00bbrgba(255,255,255,0)\u00a0\u00bb column_gutter_tablet=\u00a0\u00bb7em\u00a0\u00bb column_gutter_phone=\u00a0\u00bb7em\u00a0\u00bb column_gutter_last_edited=\u00a0\u00bbon|tablet\u00a0\u00bb module_class=\u00a0\u00bbcategory-grid templates-grid\u00a0\u00bb _builder_version=\u00a0\u00bb4.23.1&Prime; _module_preset=\u00a0\u00bbdefault\u00a0\u00bb dpdfg_entry_title_level=\u00a0\u00bbh3&Prime; transform_translate_linked__hover=\u00a0\u00bboff\u00a0\u00bb global_colors_info=\u00a0\u00bb{%22gcid-1a817431-72d3-47dd-8119-60e243ae170a%22:%91%22overlay_icon_color%22%93}\u00a0\u00bb transform_styles__hover_enabled=\u00a0\u00bbon|hover\u00a0\u00bb transform_scale__hover_enabled=\u00a0\u00bbon|desktop\u00a0\u00bb transform_translate__hover_enabled=\u00a0\u00bbon|hover\u00a0\u00bb transform_rotate__hover_enabled=\u00a0\u00bbon|desktop\u00a0\u00bb transform_skew__hover_enabled=\u00a0\u00bbon|desktop\u00a0\u00bb transform_origin__hover_enabled=\u00a0\u00bbon|desktop\u00a0\u00bb theme_builder_area=\u00a0\u00bbpost_content\u00a0\u00bb][\/dpdfg_filtergrid][\/et_pb_column][\/et_pb_row][\/et_pb_section]<\/p>\n","protected":false},"excerpt":{"rendered":"<p>Demander un site web test gratuitNous sommes heureux de vous offrir la possibilit\u00e9 de tester gratuitement un site Incrediweb. Il vous suffit de remplir le formulaire de demande sur cette page et nous mettrons en place un site web test bas\u00e9 sur le style de votre entreprise. Nos sites web sont bas\u00e9s sur des mod\u00e8les, que vous pouvez trouver sur notre page de conception de sites web. Ce mod\u00e8le constitue la base de votre site web, auquel nous appliquons votre logo, votre identit\u00e9 d&rsquo;entreprise, vos couleurs, votre police de caract\u00e8res et votre contenu. \u00cates-vous satisfait de votre site web test? Nous lancerons ensuite votre site web enti\u00e8rement termin\u00e9 dans un d\u00e9lai de 10 jours ouvrables. Et ce, sans frais de d\u00e9marrage \u00e9lev\u00e9s. Vous ne payez qu&rsquo;un prix forfaitaire mensuel (ou un prix annuel avec une r\u00e9duction int\u00e9ressante). Vous pouvez disposer d&rsquo;un site Incrediweb \u00e0 partir de 49 \u20ac\/mois hors TVA. Cette demande est totalement non contraignante et ne vous engage pas \u00e0 utiliser les services d&rsquo;Incrediweb. Qu&rsquo;attendez-vous donc ? Nous sommes d\u00e9j\u00e0 pr\u00eats \u00e0 construire le site de vos r\u00eaves.\n<div class=\"wpcf7 no-js\" id=\"wpcf7-f4722-o2\" lang=\"fr-FR\" dir=\"ltr\" data-wpcf7-id=\"4722\">\n<div class=\"screen-reader-response\"><p role=\"status\" aria-live=\"polite\" aria-atomic=\"true\"><\/p> <ul><\/ul><\/div>\n<form action=\"\/fr\/wp-json\/wp\/v2\/pages\/5243#wpcf7-f4722-o2\" method=\"post\" class=\"wpcf7-form init\" aria-label=\"Formulaire de contact\" novalidate=\"novalidate\" data-status=\"init\">\n<fieldset class=\"hidden-fields-container\"><input type=\"hidden\" name=\"_wpcf7\" value=\"4722\" \/><input type=\"hidden\" name=\"_wpcf7_version\" value=\"6.1.2\" \/><input type=\"hidden\" name=\"_wpcf7_locale\" value=\"fr_FR\" \/><input type=\"hidden\" name=\"_wpcf7_unit_tag\" value=\"wpcf7-f4722-o2\" \/><input type=\"hidden\" name=\"_wpcf7_container_post\" value=\"0\" \/><input type=\"hidden\" name=\"_wpcf7_posted_data_hash\" value=\"\" \/><input type=\"hidden\" name=\"_wpcf7dtx_version\" value=\"5.0.3\" \/><input type=\"hidden\" name=\"_wpcf7_recaptcha_response\" value=\"\" \/>\n<\/fieldset>\n<h2>Tests gratuits\n<\/h2>\n<p>Testez gratuitement un site Incrediweb. La demande de d\u00e9monstration ne prend qu'une minute et est enti\u00e8rement gratuite.\n<\/p>\n<p><label> Votre nom*<br \/>\n<span class=\"wpcf7-form-control-wrap\" data-name=\"your-name\"><input size=\"40\" maxlength=\"400\" class=\"wpcf7-form-control wpcf7-text wpcf7-validates-as-required\" autocomplete=\"name\" aria-required=\"true\" aria-invalid=\"false\" placeholder=\"Votre nom (obligatoire)\" value=\"\" type=\"text\" name=\"your-name\" \/><\/span> <\/label>\n<\/p>\n<p><label> Le nom de votre entreprise*<br \/>\n<span class=\"wpcf7-form-control-wrap\" data-name=\"your-company\"><input size=\"40\" maxlength=\"400\" class=\"wpcf7-form-control wpcf7-text wpcf7-validates-as-required\" autocomplete=\"company\" aria-required=\"true\" aria-invalid=\"false\" placeholder=\"Nom de votre entreprise ou site web actuel (obligatoire)\" value=\"\" type=\"text\" name=\"your-company\" \/><\/span> <\/label>\n<\/p>\n<p><label> Votre email*<br \/>\n<span class=\"wpcf7-form-control-wrap\" data-name=\"your-email\"><input size=\"40\" maxlength=\"400\" class=\"wpcf7-form-control wpcf7-email wpcf7-validates-as-required wpcf7-text wpcf7-validates-as-email\" autocomplete=\"email\" aria-required=\"true\" aria-invalid=\"false\" placeholder=\"Votre adresse \u00e9lectronique (obligatoire)\" value=\"\" type=\"email\" name=\"your-email\" \/><\/span> <\/label>\n<\/p>\n<p><label> Votre num\u00e9ro de t\u00e9l\u00e9phone (facultatif)<br \/>\n<span class=\"wpcf7-form-control-wrap\" data-name=\"your-tel\"><input size=\"40\" maxlength=\"400\" class=\"wpcf7-form-control wpcf7-tel wpcf7-text wpcf7-validates-as-tel\" autocomplete=\"telephone\" aria-invalid=\"false\" placeholder=\"Votre num\u00e9ro de t\u00e9l\u00e9phone (facultatif)\" value=\"\" type=\"tel\" name=\"your-tel\" \/><\/span> <\/label>\n<\/p>\n<p><label> Une br\u00e8ve description de votre entreprise (facultatif)<br \/>\n<span class=\"wpcf7-form-control-wrap\" data-name=\"your-message\"><textarea cols=\"40\" rows=\"10\" maxlength=\"2000\" class=\"wpcf7-form-control wpcf7-textarea\" aria-invalid=\"false\" placeholder=\"Saisissez ici toute information susceptible de nous aider \u00e0 cr\u00e9er votre site web test, comme le lien vers votre page Facebook, votre site web actuel, une br\u00e8ve description de votre entreprise et les couleurs que vous pr\u00e9f\u00e9rez.\" name=\"your-message\"><\/textarea><\/span><\/label>\n<\/p>\n<p><button class=\"wpcf7-form-control wpcf7-submit has-spinner et_pb_button et_pb_bg_layout_light\" type=\"submit\" value=\"Demander un site web test\">Demander un site web test<\/button>\n<\/p><div class=\"wpcf7-response-output\" aria-hidden=\"true\"><\/div>\n<\/form>\n<\/div>\nCe que disent nos clientsOu demandez un site web de test complet Avez-vous d\u00e9j\u00e0 [&hellip;]<\/p>\n","protected":false},"author":1,"featured_media":0,"parent":0,"menu_order":0,"comment_status":"closed","ping_status":"closed","template":"","meta":{"_acf_changed":false,"_et_pb_use_builder":"on","_et_pb_old_content":"","_et_gb_content_width":"","iawp_total_views":18,"footnotes":""},"class_list":["post-5243","page","type-page","status-publish","hentry"],"acf":[],"_links":{"self":[{"href":"https:\/\/incrediweb.be\/fr\/wp-json\/wp\/v2\/pages\/5243","targetHints":{"allow":["GET"]}}],"collection":[{"href":"https:\/\/incrediweb.be\/fr\/wp-json\/wp\/v2\/pages"}],"about":[{"href":"https:\/\/incrediweb.be\/fr\/wp-json\/wp\/v2\/types\/page"}],"author":[{"embeddable":true,"href":"https:\/\/incrediweb.be\/fr\/wp-json\/wp\/v2\/users\/1"}],"replies":[{"embeddable":true,"href":"https:\/\/incrediweb.be\/fr\/wp-json\/wp\/v2\/comments?post=5243"}],"version-history":[{"count":4,"href":"https:\/\/incrediweb.be\/fr\/wp-json\/wp\/v2\/pages\/5243\/revisions"}],"predecessor-version":[{"id":15639,"href":"https:\/\/incrediweb.be\/fr\/wp-json\/wp\/v2\/pages\/5243\/revisions\/15639"}],"wp:attachment":[{"href":"https:\/\/incrediweb.be\/fr\/wp-json\/wp\/v2\/media?parent=5243"}],"curies":[{"name":"wp","href":"https:\/\/api.w.org\/{rel}","templated":true}]}}