{"id":5232,"date":"2023-06-13T14:11:10","date_gmt":"2023-06-13T13:11:10","guid":{"rendered":"https:\/\/incrediweb.be\/faq-2\/"},"modified":"2024-09-13T11:37:51","modified_gmt":"2024-09-13T10:37:51","slug":"faq-2","status":"publish","type":"page","link":"https:\/\/incrediweb.be\/fr\/faq-2\/","title":{"rendered":"FAQ"},"content":{"rendered":"<p>[et_pb_section fb_built=\u00a0\u00bb1&Prime; module_class=\u00a0\u00bbgrey-bg\u00a0\u00bb _builder_version=\u00a0\u00bb4.21.0&Prime; _module_preset=\u00a0\u00bbdefault\u00a0\u00bb saved_tabs=\u00a0\u00bball\u00a0\u00bb locked=\u00a0\u00bboff\u00a0\u00bb global_colors_info=\u00a0\u00bb{}\u00a0\u00bb theme_builder_area=\u00a0\u00bbpost_content\u00a0\u00bb][et_pb_row _builder_version=\u00a0\u00bb4.21.0&Prime; _module_preset=\u00a0\u00bbdefault\u00a0\u00bb global_colors_info=\u00a0\u00bb{}\u00a0\u00bb theme_builder_area=\u00a0\u00bbpost_content\u00a0\u00bb][et_pb_column type=\u00a0\u00bb4_4&Prime; _builder_version=\u00a0\u00bb4.21.0&Prime; _module_preset=\u00a0\u00bbdefault\u00a0\u00bb global_colors_info=\u00a0\u00bb{}\u00a0\u00bb theme_builder_area=\u00a0\u00bbpost_content\u00a0\u00bb][et_pb_text _builder_version=\u00a0\u00bb4.21.0&Prime; _module_preset=\u00a0\u00bbdefault\u00a0\u00bb global_colors_info=\u00a0\u00bb{}\u00a0\u00bb theme_builder_area=\u00a0\u00bbpost_content\u00a0\u00bb]<\/p>\n<h1>Lire les questions fr\u00e9quemment pos\u00e9es (FAQ)<\/h1>\n<p>[\/et_pb_text][\/et_pb_column][\/et_pb_row][et_pb_row column_structure=\u00a0\u00bb1_2,1_2&Prime; _builder_version=\u00a0\u00bb4.23.1&Prime; _module_preset=\u00a0\u00bbdefault\u00a0\u00bb global_colors_info=\u00a0\u00bb{}\u00a0\u00bb theme_builder_area=\u00a0\u00bbpost_content\u00a0\u00bb global_module=\u00a0\u00bb8391&Prime; saved_tabs=\u00a0\u00bball\u00a0\u00bb][et_pb_column type=\u00a0\u00bb1_2&Prime; _builder_version=\u00a0\u00bb4.23.1&Prime; _module_preset=\u00a0\u00bbdefault\u00a0\u00bb global_colors_info=\u00a0\u00bb{}\u00a0\u00bb theme_builder_area=\u00a0\u00bbpost_content\u00a0\u00bb][et_pb_text _builder_version=\u00a0\u00bb4.23.1&Prime; _module_preset=\u00a0\u00bbdefault\u00a0\u00bb global_colors_info=\u00a0\u00bb{}\u00a0\u00bb theme_builder_area=\u00a0\u00bbpost_content\u00a0\u00bb]<\/p>\n<h2>G\u00e9n\u00e9ral<\/h2>\n<p>[\/et_pb_text][et_pb_toggle title=\u00a0\u00bbQu&#039;est-ce qui est inclus dans mon site web ?\u00a0\u00bb _builder_version=\u00a0\u00bb4.23.1&Prime; _module_preset=\u00a0\u00bbdefault\u00a0\u00bb global_colors_info=\u00a0\u00bb{}\u00a0\u00bb theme_builder_area=\u00a0\u00bbpost_content\u00a0\u00bb]<\/p>\n<p>Vous trouverez ci-dessous un aper\u00e7u de tout ce qui est inclus dans la formule de notre site web (en bref : beaucoup).<\/p>\n<p>\u2705 un nom de domaine .be<br \/>\u2705 votre h\u00e9bergement web<br \/>\u2705 la construction de votre site web<br \/>\u2705 dans votre propre style<br \/>\u2705 formulaire de contact<br \/>\u2705 Google Maps<br \/>\u2705 Int\u00e9gration de Google Analytics<br \/>\u2705 une adresse \u00e9mail professionnelle<br \/>\u2705 mises \u00e0 jour techniques<br \/>\u2705 des sauvegardes quotidiennes<br \/>\u2705 un module GDPR\/cookie qui exige que les visiteurs du site Web acceptent les cookies, ainsi qu&rsquo;une politique standard de confidentialit\u00e9 et de cookies<br \/>\u2705 un support qui effectue des changements de contenu pour vous dans les 48 heures<\/p>\n<p>[\/et_pb_toggle][et_pb_toggle title=\u00a0\u00bbPuis-je choisir l&#039;apparence de mon site web ?\u00a0\u00bb _builder_version=\u00a0\u00bb4.23.1&Prime; _module_preset=\u00a0\u00bbdefault\u00a0\u00bb global_colors_info=\u00a0\u00bb{}\u00a0\u00bb theme_builder_area=\u00a0\u00bbpost_content\u00a0\u00bb]<\/p>\n<p>Oui, c&rsquo;est possible ! Nous proposons une large gamme de designs \u00e0 choisir pour votre site web.<\/p>\n<p>Les dessins constituent la base de votre site web. Bien entendu, nous les personnalisons avec votre logo, vos couleurs, votre police de caract\u00e8res, vos textes, &#8230;<\/p>\n<p>Vous pouvez \u00e9galement faire glisser, ajouter et supprimer diff\u00e9rentes sections et \u00e9l\u00e9ments sur le site web \u00e0 tout moment.<\/p>\n<p>D\u00e9couvrez tous nos mod\u00e8les sur <a href=\"https:\/\/incrediweb.be\/fr\/template\/\">notre page de mod\u00e8les de sites web<\/a>.<\/p>\n<p>[\/et_pb_toggle][et_pb_toggle title=\u00a0\u00bbCombien co\u00fbte la cr\u00e9ation de mon site web ?\u00a0\u00bb _builder_version=\u00a0\u00bb4.23.1&Prime; _module_preset=\u00a0\u00bbdefault\u00a0\u00bb global_colors_info=\u00a0\u00bb{}\u00a0\u00bb theme_builder_area=\u00a0\u00bbpost_content\u00a0\u00bb]<\/p>\n<p>Le d\u00e9marrage, nous vous en ferons cadeau. Vous pouvez consid\u00e9rer notre approche comme une \u00ab\u00a0formule de location\u00a0\u00bb ou un \u00ab\u00a0site web en tant que service\u00a0\u00bb.<\/p>\n<p>Le seul co\u00fbt associ\u00e9 \u00e0 un site Web Incrediweb est le prix mensuel forfaitaire (ou b\u00e9n\u00e9ficiez d&rsquo;une belle r\u00e9duction en payant annuellement).<\/p>\n<p>Vous trouverez plus d&rsquo;informations \u00e0 ce sujet sur <a href=\"https:\/\/incrediweb.be\/fr\/produit\/business-website-pro\/\">notre page consacr\u00e9e \u00e0 la location de sites web<\/a>.<\/p>\n<p>[\/et_pb_toggle][\/et_pb_column][et_pb_column type=\u00a0\u00bb1_2&Prime; _builder_version=\u00a0\u00bb4.23.1&Prime; _module_preset=\u00a0\u00bbdefault\u00a0\u00bb global_colors_info=\u00a0\u00bb{}\u00a0\u00bb theme_builder_area=\u00a0\u00bbpost_content\u00a0\u00bb][et_pb_text _builder_version=\u00a0\u00bb4.23.1&Prime; _module_preset=\u00a0\u00bbdefault\u00a0\u00bb global_colors_info=\u00a0\u00bb{}\u00a0\u00bb theme_builder_area=\u00a0\u00bbpost_content\u00a0\u00bb]<\/p>\n<h2>H\u00e9bergement web et nom de domaine<\/h2>\n<p>[\/et_pb_text][et_pb_toggle title=\u00a0\u00bbPuis-je utiliser mon propre nom de domaine avec vous ?\u00a0\u00bb _builder_version=\u00a0\u00bb4.23.1&Prime; _module_preset=\u00a0\u00bbdefault\u00a0\u00bb global_colors_info=\u00a0\u00bb{}\u00a0\u00bb theme_builder_area=\u00a0\u00bbpost_content\u00a0\u00bb]<\/p>\n<p>Vous avez d\u00e9j\u00e0 enregistr\u00e9 un nom de domaine et vous souhaitez le g\u00e9rer vous-m\u00eame ? Alors vous pouvez.<\/p>\n<p>Il suffit d&rsquo;ajuster le DNS. Nous vous y aiderons, bien \u00e9videmment.<\/p>\n<p>[\/et_pb_toggle][et_pb_toggle title=\u00a0\u00bbJe n&#039;ai pas encore de nom de domaine, pouvez-vous m&#039;aider ?\u00a0\u00bb _builder_version=\u00a0\u00bb4.23.1&Prime; _module_preset=\u00a0\u00bbdefault\u00a0\u00bb global_colors_info=\u00a0\u00bb{}\u00a0\u00bb theme_builder_area=\u00a0\u00bbpost_content\u00a0\u00bb]<\/p>\n<p>Nous pouvons le faire. Votre abonnement comprend un nom de domaine .be, .nl ou .com.<\/p>\n<p>Vous souhaitez enregistrer un autre type de nom de domaine ? Faites-le nous savoir et nous verrons ce que nous pouvons faire pour vous.<\/p>\n<p>[\/et_pb_toggle][\/et_pb_column][\/et_pb_row][et_pb_row column_structure=\u00a0\u00bb1_2,1_2&Prime; _builder_version=\u00a0\u00bb4.23.1&Prime; _module_preset=\u00a0\u00bbdefault\u00a0\u00bb global_colors_info=\u00a0\u00bb{}\u00a0\u00bb theme_builder_area=\u00a0\u00bbpost_content\u00a0\u00bb global_module=\u00a0\u00bb8392&Prime; saved_tabs=\u00a0\u00bball\u00a0\u00bb][et_pb_column type=\u00a0\u00bb1_2&Prime; _builder_version=\u00a0\u00bb4.23.1&Prime; _module_preset=\u00a0\u00bbdefault\u00a0\u00bb global_colors_info=\u00a0\u00bb{}\u00a0\u00bb theme_builder_area=\u00a0\u00bbpost_content\u00a0\u00bb][et_pb_text _builder_version=\u00a0\u00bb4.23.1&Prime; _module_preset=\u00a0\u00bbdefault\u00a0\u00bb global_colors_info=\u00a0\u00bb{}\u00a0\u00bb theme_builder_area=\u00a0\u00bbpost_content\u00a0\u00bb]<\/p>\n<h2>Facturation et paiements<\/h2>\n<p>[\/et_pb_text][et_pb_toggle title=\u00a0\u00bbY a-t-il des frais suppl\u00e9mentaires ?\u00a0\u00bb _builder_version=\u00a0\u00bb4.23.1&Prime; _module_preset=\u00a0\u00bbdefault\u00a0\u00bb global_colors_info=\u00a0\u00bb{}\u00a0\u00bb theme_builder_area=\u00a0\u00bbpost_content\u00a0\u00bb]<\/p>\n<p>Au-del\u00e0 de votre abonnement mensuel ou annuel, il n&rsquo;y a pas de frais suppl\u00e9mentaires. Tout est compris dans ce prix fixe (y compris les ajustements que vous demandez \u00e0 notre service d&rsquo;assistance).<\/p>\n<p>[\/et_pb_toggle][et_pb_toggle title=\u00a0\u00bbComment puis-je payer mon site web ?\u00a0\u00bb _builder_version=\u00a0\u00bb4.23.1&Prime; _module_preset=\u00a0\u00bbdefault\u00a0\u00bb global_colors_info=\u00a0\u00bb{}\u00a0\u00bb theme_builder_area=\u00a0\u00bbpost_content\u00a0\u00bb]<\/p>\n<p>Les paiements sont effectu\u00e9s via notre site web. Nous vous demandons d&rsquo;ajouter votre site web \u00e0 votre panier d&rsquo;achat via cette page, et de r\u00e9gler vos achats via notre syst\u00e8me de paiement <a href=\"https:\/\/incrediweb.be\/fr\/produit\/business-website-pro\/\">: https:\/\/incrediweb.be\/nl\/product\/business-website-pro\/<\/a>. <\/p>\n<p>Apr\u00e8s le paiement, vous recevrez \u00e9galement une facture de TVA de notre part.<\/p>\n<p>[\/et_pb_toggle][et_pb_toggle title=\u00a0\u00bbQuelle est la dur\u00e9e du contrat ?\u00a0\u00bb _builder_version=\u00a0\u00bb4.23.1&Prime; _module_preset=\u00a0\u00bbdefault\u00a0\u00bb global_colors_info=\u00a0\u00bb{}\u00a0\u00bb theme_builder_area=\u00a0\u00bbpost_content\u00a0\u00bb]<\/p>\n<p>Apr\u00e8s le lancement de votre site web, il y a une p\u00e9riode de contrat de 12 mois. Votre site web avec Incrediweb sera ensuite renouvel\u00e9 pour une p\u00e9riode de 12 mois.<\/p>\n<p>L&rsquo;annulation peut se faire jusqu&rsquo;\u00e0 5 jours ouvrables avant le renouvellement de votre abonnement.<\/p>\n<p>Vous pouvez v\u00e9rifier l&rsquo;\u00e9tat de votre abonnement en vous connectant \u00e0 votre compte ou sur votre facture.<\/p>\n<p>[\/et_pb_toggle][\/et_pb_column][et_pb_column type=\u00a0\u00bb1_2&Prime; _builder_version=\u00a0\u00bb4.23.1&Prime; _module_preset=\u00a0\u00bbdefault\u00a0\u00bb global_colors_info=\u00a0\u00bb{}\u00a0\u00bb theme_builder_area=\u00a0\u00bbpost_content\u00a0\u00bb][et_pb_text _builder_version=\u00a0\u00bb4.23.1&Prime; _module_preset=\u00a0\u00bbdefault\u00a0\u00bb global_colors_info=\u00a0\u00bb{}\u00a0\u00bb theme_builder_area=\u00a0\u00bbpost_content\u00a0\u00bb]<\/p>\n<h2>Gestion de votre site web<\/h2>\n<p>[\/et_pb_text][et_pb_toggle title=\u00a0\u00bbPuis-je apporter mes propres modifications \u00e0 mon site web, telles que l&#039;ajout de textes et de photos ?\u00a0\u00bb _builder_version=\u00a0\u00bb4.23.1&Prime; _module_preset=\u00a0\u00bbdefault\u00a0\u00bb global_colors_info=\u00a0\u00bb{}\u00a0\u00bb theme_builder_area=\u00a0\u00bbpost_content\u00a0\u00bb]<\/p>\n<p>En effet, vous avez acc\u00e8s au site web, apr\u00e8s quoi vous pouvez modifier le contenu vous-m\u00eame, par exemple en ajoutant de nouveaux textes, des photos, des vid\u00e9os. Vous avez \u00e9galement la possibilit\u00e9 d&rsquo;ajouter ou de supprimer des pages vous-m\u00eame, ainsi que de modifier l&rsquo;ordre des \u00e9l\u00e9ments sur les pages, &#8230;..<br \/>En bref, vous disposez d&rsquo;une grande libert\u00e9 dans la gestion du site.<\/p>\n<p>Nous offrons \u00e9galement une assistance de 2 jours. Si vous n&rsquo;avez pas le temps de faire une modification vous-m\u00eame, vous pouvez toujours l&rsquo;envoyer et notre \u00e9quipe la mettra en ligne dans les deux jours ouvrables.<\/p>\n<p>[\/et_pb_toggle][et_pb_toggle title=\u00a0\u00bbL&#039;\u00e9quipe d&#039;Incrediweb peut-elle apporter des modifications \u00e0 mon site web ?\u00a0\u00bb _builder_version=\u00a0\u00bb4.23.1&Prime; _module_preset=\u00a0\u00bbdefault\u00a0\u00bb global_colors_info=\u00a0\u00bb{}\u00a0\u00bb theme_builder_area=\u00a0\u00bbpost_content\u00a0\u00bb]<\/p>\n<p>Oui, en effet ! Envoyez-nous par courriel les modifications que vous souhaitez apporter, ou utilisez le formulaire d&rsquo;assistance sur notre site web, et nous mettrons votre site web \u00e0 jour dans les deux jours ouvrables.<\/p>\n<p>[\/et_pb_toggle][\/et_pb_column][\/et_pb_row][et_pb_row column_structure=\u00a0\u00bb1_2,1_2&Prime; _builder_version=\u00a0\u00bb4.21.0&Prime; _module_preset=\u00a0\u00bbdefault\u00a0\u00bb global_colors_info=\u00a0\u00bb{}\u00a0\u00bb theme_builder_area=\u00a0\u00bbpost_content\u00a0\u00bb][et_pb_column type=\u00a0\u00bb1_2&Prime; _builder_version=\u00a0\u00bb4.21.0&Prime; _module_preset=\u00a0\u00bbdefault\u00a0\u00bb global_colors_info=\u00a0\u00bb{}\u00a0\u00bb theme_builder_area=\u00a0\u00bbpost_content\u00a0\u00bb][et_pb_text _builder_version=\u00a0\u00bb4.23.1&Prime; _module_preset=\u00a0\u00bbdefault\u00a0\u00bb global_colors_info=\u00a0\u00bb{}\u00a0\u00bb theme_builder_area=\u00a0\u00bbpost_content\u00a0\u00bb]<\/p>\n<h2>Autres questions sur les sites web, le marketing et la promotion<\/h2>\n<p>[\/et_pb_text][et_pb_accordion icon_color=\u00a0\u00bb#E09900&Prime; disabled_on=\u00a0\u00bboff|off|off\u00a0\u00bb _builder_version=\u00a0\u00bb4.23.1&Prime; _module_preset=\u00a0\u00bbdefault\u00a0\u00bb toggle_text_color=\u00a0\u00bb#feb902&Prime; toggle_level=\u00a0\u00bbh3&Prime; global_colors_info=\u00a0\u00bb{}\u00a0\u00bb theme_builder_area=\u00a0\u00bbpost_content\u00a0\u00bb][et_pb_accordion_item title=\u00a0\u00bbPuis-je apporter mes propres modifications \u00e0 mon site web, telles que l&#039;ajout de textes et de photos ?\u00a0\u00bb open=\u00a0\u00bbon\u00a0\u00bb _builder_version=\u00a0\u00bb4.23.1&Prime; _module_preset=\u00a0\u00bbdefault\u00a0\u00bb global_colors_info=\u00a0\u00bb{}\u00a0\u00bb theme_builder_area=\u00a0\u00bbpost_content\u00a0\u00bb]<\/p>\n<p>En effet, vous avez acc\u00e8s au site web, apr\u00e8s quoi vous pouvez modifier le contenu vous-m\u00eame, par exemple en ajoutant de nouveaux textes, des photos, des vid\u00e9os. Vous avez \u00e9galement la possibilit\u00e9 d&rsquo;ajouter ou de supprimer des pages vous-m\u00eame, ainsi que de modifier l&rsquo;ordre des \u00e9l\u00e9ments sur les pages, &#8230;..<br \/>En bref, vous disposez d&rsquo;une grande libert\u00e9 dans la gestion du site.<\/p>\n<p>Nous offrons \u00e9galement une assistance de 2 jours. Si vous n&rsquo;avez pas le temps de faire une modification vous-m\u00eame, vous pouvez toujours l&rsquo;envoyer et notre \u00e9quipe la mettra en ligne dans les deux jours ouvrables.<\/p>\n<p>[\/et_pb_accordion_item][et_pb_accordion_item title=\u00a0\u00bbQuelle est l&#039;importance d&#039;un site web professionnel pour mon entreprise ind\u00e9pendante ou ma PME ?\u00a0\u00bb _builder_version=\u00a0\u00bb4.21.0&Prime; _module_preset=\u00a0\u00bbdefault\u00a0\u00bb global_colors_info=\u00a0\u00bb{}\u00a0\u00bb theme_builder_area=\u00a0\u00bbpost_content\u00a0\u00bb open=\u00a0\u00bboff\u00a0\u00bb]<\/p>\n<p>Un site web professionnel est votre carte de visite en ligne et le premier point de contact pour les clients potentiels. Un site web convivial sur lequel vos clients peuvent facilement vous contacter et trouver toutes les informations importantes sur votre entreprise permet d&rsquo;instaurer la confiance. Cet aspect professionnel renforcera l&rsquo;image de votre entreprise et vous permettra de gagner de nouveaux clients \u00e0 long terme.<\/p>\n<p>[\/et_pb_accordion_item][et_pb_accordion_item title=\u00a0\u00bbQuelles sont les principales caract\u00e9ristiques d&#039;un bon site web commercial ?\u00a0\u00bb _builder_version=\u00a0\u00bb4.21.0&Prime; _module_preset=\u00a0\u00bbdefault\u00a0\u00bb global_colors_info=\u00a0\u00bb{}\u00a0\u00bb theme_builder_area=\u00a0\u00bbpost_content\u00a0\u00bb open=\u00a0\u00bboff\u00a0\u00bb]<\/p>\n<div class=\"ql-block\" data-block-id=\"block-0595e659-df46-4439-8561-b8f07fef5422\">Un site web efficace pr\u00e9sente les caract\u00e9ristiques suivantes :<\/div>\n<ul>\n<li>Responsive design,<span> <\/span><span class=\"ql-comment\" data-comment-ids=\"90040008707970\" data-comment-unresolved-ids=\"\">pour qu&rsquo;il s&rsquo;affiche aussi bien sur votre ordinateur<\/span><span class=\"ql-comment\" data-comment-ids=\"90040008707970\" data-comment-unresolved-ids=\"\"><span> <\/span> que sur votre tablette ou votre smartphone<\/span>.<\/li>\n<li>Une navigation claire<\/li>\n<li>Une conception attrayante qui convient \u00e0 votre entreprise<\/li>\n<li>Contenu de haute qualit\u00e9, informatif et pertinent<\/li>\n<li>Des appels \u00e0 l&rsquo;action clairs<\/li>\n<li>Bonne vitesse de chargement<\/li>\n<li>Optimisation des moteurs de recherche (SEO)<\/li>\n<li>S\u00e9curit\u00e9 et vie priv\u00e9e<\/li>\n<\/ul>\n<p>[\/et_pb_accordion_item][et_pb_accordion_item title=\u00a0\u00bbQu&#039;est-ce que l&#039;optimisation des moteurs de recherche (SEO) et pourquoi est-elle importante ?\u00a0\u00bb _builder_version=\u00a0\u00bb4.21.0&Prime; _module_preset=\u00a0\u00bbdefault\u00a0\u00bb global_colors_info=\u00a0\u00bb{}\u00a0\u00bb theme_builder_area=\u00a0\u00bbpost_content\u00a0\u00bb open=\u00a0\u00bboff\u00a0\u00bb]<\/p>\n<p>L&rsquo;optimisation des moteurs de recherche (SEO) est le processus d&rsquo;am\u00e9lioration de votre site web afin qu&rsquo;il soit mieux class\u00e9 dans les moteurs de recherche tels que Google. Un meilleur classement signifie une plus grande visibilit\u00e9, ce qui se traduit par une augmentation du trafic vers votre site web et, en fin de compte, par un plus grand nombre de prospects et de ventes. Le r\u00e9f\u00e9rencement comprend des aspects techniques et de contenu, ainsi que l&rsquo;am\u00e9lioration de l&rsquo;autorit\u00e9 et de la pertinence de votre site web dans votre domaine.<\/p>\n<p>[\/et_pb_accordion_item][et_pb_accordion_item title=\u00a0\u00bbComment puis-je promouvoir mon site web pour g\u00e9n\u00e9rer plus de clients et de ventes ?\u00a0\u00bb _builder_version=\u00a0\u00bb4.23.1&Prime; _module_preset=\u00a0\u00bbdefault\u00a0\u00bb global_colors_info=\u00a0\u00bb{}\u00a0\u00bb theme_builder_area=\u00a0\u00bbpost_content\u00a0\u00bb open=\u00a0\u00bboff\u00a0\u00bb]<\/p>\n<div class=\"ql-block\" data-block-id=\"block-efd72884-1e60-4beb-9003-03c2ee615e19\">Vous pouvez promouvoir votre site web par le biais de diverses strat\u00e9gies de marketing en ligne et hors ligne, telles que :<\/div>\n<ul>\n<li>Optimisation des moteurs de recherche (SEO)<\/li>\n<li>Publicit\u00e9 par paiement au clic (PPC)<\/li>\n<li>Marketing via les m\u00e9dias sociaux<\/li>\n<li>Marketing par courrier \u00e9lectronique<\/li>\n<li>Marketing de contenu (blogs, articles, vid\u00e9os, etc.)<\/li>\n<li>Promotion hors ligne (cartes de visite, d\u00e9pliants, etc.)<\/li>\n<\/ul>\n<p>[\/et_pb_accordion_item][et_pb_accordion_item title=\u00a0\u00bbDois-je faire cr\u00e9er mon site web par une soci\u00e9t\u00e9 professionnelle de conception de sites web ?\u00a0\u00bb _builder_version=\u00a0\u00bb4.21.0&Prime; _module_preset=\u00a0\u00bbdefault\u00a0\u00bb global_colors_info=\u00a0\u00bb{}\u00a0\u00bb theme_builder_area=\u00a0\u00bbpost_content\u00a0\u00bb open=\u00a0\u00bboff\u00a0\u00bb]<\/p>\n<p>Bien qu&rsquo;il existe des outils de cr\u00e9ation de sites web \u00e0 utiliser soi-m\u00eame, tels que Wix, il est souvent pr\u00e9f\u00e9rable de faire appel \u00e0 une agence de conception de sites web professionnelle. \u00c9galement pour les ind\u00e9pendants et les PME.<\/p>\n<p>En tant qu&rsquo;entrepreneur, vous \u00eates tr\u00e8s occup\u00e9. Chez Incrediweb, en tant que PME, nous comprenons tr\u00e8s bien cela. Nous voyons souvent des entrepreneurs cr\u00e9er leur propre site web avec la meilleure volont\u00e9 du monde, mais ils y restent longtemps et deviennent obsol\u00e8tes. Une agence professionnelle de conception de sites web prendra en charge le travail de votre site web afin que vous puissiez vous concentrer sur ce que vous faites le mieux.<\/p>\n<p>Nous vous entendons d\u00e9j\u00e0 dire : \u00ab\u00a0Oui, mais les agences de conception de sites web sont incroyablement ch\u00e8res\u00a0\u00bb. Mais rassurez-vous : ce n&rsquo;est pas une fatalit\u00e9 ! Chez Incrediweb, vous b\u00e9n\u00e9ficiez d&rsquo;un site web commercial solide avec une assistance professionnelle pour un tarif forfaitaire \u00e0 partir de 49 \u20ac\/mois, sans frais de d\u00e9marrage \u00e9lev\u00e9s.<\/p>\n<p>[\/et_pb_accordion_item][\/et_pb_accordion][\/et_pb_column][et_pb_column type=\u00a0\u00bb1_2&Prime; _builder_version=\u00a0\u00bb4.21.0&Prime; _module_preset=\u00a0\u00bbdefault\u00a0\u00bb global_colors_info=\u00a0\u00bb{}\u00a0\u00bb theme_builder_area=\u00a0\u00bbpost_content\u00a0\u00bb][et_pb_text _builder_version=\u00a0\u00bb4.21.0&Prime; _module_preset=\u00a0\u00bbdefault\u00a0\u00bb global_colors_info=\u00a0\u00bb{}\u00a0\u00bb theme_builder_area=\u00a0\u00bbpost_content\u00a0\u00bb]<\/p>\n<h3>Avez-vous d&rsquo;autres questions ?<\/h3>\n<p>[\/et_pb_text][et_pb_text _builder_version=\u00a0\u00bb4.21.0&Prime; _module_preset=\u00a0\u00bbdefault\u00a0\u00bb global_colors_info=\u00a0\u00bb{}\u00a0\u00bb theme_builder_area=\u00a0\u00bbpost_content\u00a0\u00bb]<\/p>\n<p>Contactez-nous et nous vous r\u00e9pondrons dans les plus brefs d\u00e9lais pour r\u00e9pondre \u00e0 toutes vos questions !<\/p>\n<p>[\/et_pb_text][et_pb_button button_url=\u00a0\u00bb@ET-DC@eyJkeW5hbWljIjp0cnVlLCJjb250ZW50IjoicG9zdF9saW5rX3VybF9wYWdlIiwic2V0dGluZ3MiOnsicG9zdF9pZCI6IjIwMCJ9fQ==@\u00a0\u00bb button_text=\u00a0\u00bbContacte-nous\u00a0\u00bb _builder_version=\u00a0\u00bb4.21.0&Prime; _dynamic_attributes=\u00a0\u00bbbutton_url\u00a0\u00bb _module_preset=\u00a0\u00bbdefault\u00a0\u00bb global_colors_info=\u00a0\u00bb{}\u00a0\u00bb theme_builder_area=\u00a0\u00bbpost_content\u00a0\u00bb][\/et_pb_button][et_pb_image src=\u00a0\u00bbhttps:\/\/incrediweb.be\/wp-content\/uploads\/2023\/06\/zandkasteel-stort-in-illustratie-1.png\u00a0\u00bb title_text=\u00a0\u00bbeffondrement d&#039;un ch\u00e2teau de sable &#8211; illustration (1)\u00a0\u00bb align=\u00a0\u00bbcenter\u00a0\u00bb _builder_version=\u00a0\u00bb4.21.0&Prime; _module_preset=\u00a0\u00bbdefault\u00a0\u00bb locked=\u00a0\u00bboff\u00a0\u00bb global_colors_info=\u00a0\u00bb{}\u00a0\u00bb theme_builder_area=\u00a0\u00bbpost_content\u00a0\u00bb][\/et_pb_image][\/et_pb_column][\/et_pb_row][et_pb_row column_structure=\u00a0\u00bb1_2,1_2&Prime; disabled_on=\u00a0\u00bbon|on|on\u00a0\u00bb module_class=\u00a0\u00bbalign-rows\u00a0\u00bb _builder_version=\u00a0\u00bb4.19.2&Prime; _module_preset=\u00a0\u00bbdefault\u00a0\u00bb disabled=\u00a0\u00bbon\u00a0\u00bb global_colors_info=\u00a0\u00bb{}\u00a0\u00bb theme_builder_area=\u00a0\u00bbpost_content\u00a0\u00bb][et_pb_column type=\u00a0\u00bb1_2&Prime; _builder_version=\u00a0\u00bb4.19.2&Prime; _module_preset=\u00a0\u00bbdefault\u00a0\u00bb global_colors_info=\u00a0\u00bb{}\u00a0\u00bb theme_builder_area=\u00a0\u00bbpost_content\u00a0\u00bb][et_pb_text _builder_version=\u00a0\u00bb4.21.0&Prime; _module_preset=\u00a0\u00bbdefault\u00a0\u00bb global_colors_info=\u00a0\u00bb{}\u00a0\u00bb theme_builder_area=\u00a0\u00bbpost_content\u00a0\u00bb]<\/p>\n<p>Nous sommes toujours pr\u00eats \u00e0 vous aider Cela peut vous amener \u00e0 vous poser des questions, dont certaines peuvent vous aider.<br \/>N&rsquo;h\u00e9sitez pas \u00e0 nous contacter si vous souhaitez en savoir plus !<\/p>\n<p>[\/et_pb_text][et_pb_button button_url=\u00a0\u00bb@ET-DC@eyJkeW5hbWljIjp0cnVlLCJjb250ZW50IjoicG9zdF9saW5rX3VybF9wYWdlIiwic2V0dGluZ3MiOnsicG9zdF9pZCI6IjIwMCJ9fQ==@\u00a0\u00bb button_text=\u00a0\u00bbContacte-nous\u00a0\u00bb _builder_version=\u00a0\u00bb4.21.0&Prime; _dynamic_attributes=\u00a0\u00bbbutton_url\u00a0\u00bb _module_preset=\u00a0\u00bbdefault\u00a0\u00bb global_colors_info=\u00a0\u00bb{}\u00a0\u00bb theme_builder_area=\u00a0\u00bbpost_content\u00a0\u00bb][\/et_pb_button][\/et_pb_column][et_pb_column type=\u00a0\u00bb1_2&Prime; _builder_version=\u00a0\u00bb4.19.2&Prime; _module_preset=\u00a0\u00bbdefault\u00a0\u00bb global_colors_info=\u00a0\u00bb{}\u00a0\u00bb theme_builder_area=\u00a0\u00bbpost_content\u00a0\u00bb][et_pb_image src=\u00a0\u00bbhttps:\/\/incrediweb.be\/wp-content\/uploads\/2023\/06\/mockup-incrediweb.jpeg\u00a0\u00bb title_text=\u00a0\u00bbMod\u00e8le incrediweb\u00a0\u00bb module_class=\u00a0\u00bbtyping-girl\u00a0\u00bb _builder_version=\u00a0\u00bb4.21.0&Prime; _module_preset=\u00a0\u00bbdefault\u00a0\u00bb global_colors_info=\u00a0\u00bb{}\u00a0\u00bb theme_builder_area=\u00a0\u00bbpost_content\u00a0\u00bb][\/et_pb_image][\/et_pb_column][\/et_pb_row][\/et_pb_section]<\/p>\n","protected":false},"excerpt":{"rendered":"<p>Lire les questions fr\u00e9quemment pos\u00e9es (FAQ)G\u00e9n\u00e9ralVous trouverez ci-dessous un aper\u00e7u de tout ce qui est inclus dans la formule de notre site web (en bref : beaucoup). \u2705 un nom de domaine .be\u2705 votre h\u00e9bergement web\u2705 la construction de votre site web\u2705 dans votre propre style\u2705 formulaire de contact\u2705 Google Maps\u2705 Int\u00e9gration de Google Analytics\u2705 une adresse \u00e9mail professionnelle\u2705 mises \u00e0 jour techniques\u2705 des sauvegardes quotidiennes\u2705 un module GDPR\/cookie qui exige que les visiteurs du site Web acceptent les cookies, ainsi qu&rsquo;une politique standard de confidentialit\u00e9 et de cookies\u2705 un support qui effectue des changements de contenu pour vous dans les 48 heuresOui, c&rsquo;est possible ! Nous proposons une large gamme de designs \u00e0 choisir pour votre site web. Les dessins constituent la base de votre site web. Bien entendu, nous les personnalisons avec votre logo, vos couleurs, votre police de caract\u00e8res, vos textes, &#8230; Vous pouvez \u00e9galement faire glisser, ajouter et supprimer diff\u00e9rentes sections et \u00e9l\u00e9ments sur le site web \u00e0 tout moment. D\u00e9couvrez tous nos mod\u00e8les sur notre page de mod\u00e8les de sites web.Le d\u00e9marrage, nous vous en ferons cadeau. Vous pouvez consid\u00e9rer notre approche comme une \u00ab\u00a0formule de location\u00a0\u00bb ou un \u00ab\u00a0site web en tant que service\u00a0\u00bb. [&hellip;]<\/p>\n","protected":false},"author":1,"featured_media":0,"parent":0,"menu_order":0,"comment_status":"closed","ping_status":"closed","template":"","meta":{"_acf_changed":false,"_et_pb_use_builder":"on","_et_pb_old_content":"","_et_gb_content_width":"","iawp_total_views":9,"footnotes":""},"class_list":["post-5232","page","type-page","status-publish","hentry"],"acf":[],"_links":{"self":[{"href":"https:\/\/incrediweb.be\/fr\/wp-json\/wp\/v2\/pages\/5232","targetHints":{"allow":["GET"]}}],"collection":[{"href":"https:\/\/incrediweb.be\/fr\/wp-json\/wp\/v2\/pages"}],"about":[{"href":"https:\/\/incrediweb.be\/fr\/wp-json\/wp\/v2\/types\/page"}],"author":[{"embeddable":true,"href":"https:\/\/incrediweb.be\/fr\/wp-json\/wp\/v2\/users\/1"}],"replies":[{"embeddable":true,"href":"https:\/\/incrediweb.be\/fr\/wp-json\/wp\/v2\/comments?post=5232"}],"version-history":[{"count":6,"href":"https:\/\/incrediweb.be\/fr\/wp-json\/wp\/v2\/pages\/5232\/revisions"}],"predecessor-version":[{"id":15782,"href":"https:\/\/incrediweb.be\/fr\/wp-json\/wp\/v2\/pages\/5232\/revisions\/15782"}],"wp:attachment":[{"href":"https:\/\/incrediweb.be\/fr\/wp-json\/wp\/v2\/media?parent=5232"}],"curies":[{"name":"wp","href":"https:\/\/api.w.org\/{rel}","templated":true}]}}