{"id":3703,"date":"2023-06-13T14:11:10","date_gmt":"2023-06-13T13:11:10","guid":{"rendered":"https:\/\/incrediweb.be\/faq\/"},"modified":"2023-06-13T15:50:53","modified_gmt":"2023-06-13T14:50:53","slug":"faq","status":"publish","type":"page","link":"https:\/\/incrediweb.be\/fr\/faq\/","title":{"rendered":"FAQ"},"content":{"rendered":"<p>[et_pb_section fb_built=\u00a0\u00bb1&Prime; module_class=\u00a0\u00bbgrey-bg\u00a0\u00bb _builder_version=\u00a0\u00bb4.21.0&Prime; _module_preset=\u00a0\u00bbdefault\u00a0\u00bb saved_tabs=\u00a0\u00bball\u00a0\u00bb locked=\u00a0\u00bboff\u00a0\u00bb global_colors_info=\u00a0\u00bb{}\u00a0\u00bb][et_pb_row _builder_version=\u00a0\u00bb4.21.0&Prime; _module_preset=\u00a0\u00bbdefault\u00a0\u00bb global_colors_info=\u00a0\u00bb{}\u00a0\u00bb][et_pb_column type=\u00a0\u00bb4_4&Prime; _builder_version=\u00a0\u00bb4.21.0&Prime; _module_preset=\u00a0\u00bbdefault\u00a0\u00bb global_colors_info=\u00a0\u00bb{}\u00a0\u00bb][et_pb_text _builder_version=\u00a0\u00bb4.21.0&Prime; _module_preset=\u00a0\u00bbdefault\u00a0\u00bb global_colors_info=\u00a0\u00bb{}\u00a0\u00bb]<\/p>\n<h1>Lire les questions fr\u00e9quemment pos\u00e9es (FAQ)<\/h1>\n<p>[\/et_pb_text][\/et_pb_column][\/et_pb_row][et_pb_row column_structure=\u00a0\u00bb1_2,1_2&Prime; module_class=\u00a0\u00bbalign-rows\u00a0\u00bb _builder_version=\u00a0\u00bb4.19.2&Prime; _module_preset=\u00a0\u00bbdefault\u00a0\u00bb global_colors_info=\u00a0\u00bb{}\u00a0\u00bb][et_pb_column type=\u00a0\u00bb1_2&Prime; _builder_version=\u00a0\u00bb4.19.2&Prime; _module_preset=\u00a0\u00bbdefault\u00a0\u00bb global_colors_info=\u00a0\u00bb{}\u00a0\u00bb][et_pb_text _builder_version=\u00a0\u00bb4.21.0&Prime; _module_preset=\u00a0\u00bbdefault\u00a0\u00bb global_colors_info=\u00a0\u00bb{}\u00a0\u00bb]<\/p>\n<p>Incrediweb est l\u00e0 pour vous aider \u00e0 cr\u00e9er votre site web. Cela peut vous amener \u00e0 vous poser un certain nombre de questions, dont voici quelques-unes qui peuvent vous aider.<br \/>N&rsquo;h\u00e9sitez pas \u00e0 nous contacter si vous souhaitez en savoir plus !<\/p>\n<p>[\/et_pb_text][et_pb_button button_url=\u00a0\u00bb@ET-DC@eyJkeW5hbWljIjp0cnVlLCJjb250ZW50IjoicG9zdF9saW5rX3VybF9wYWdlIiwic2V0dGluZ3MiOnsicG9zdF9pZCI6IjIwMCJ9fQ==@\u00a0\u00bb button_text=\u00a0\u00bbNous contacter\u00a0\u00bb _builder_version=\u00a0\u00bb4.21.0&Prime; _dynamic_attributes=\u00a0\u00bbbutton_url\u00a0\u00bb _module_preset=\u00a0\u00bbdefault\u00a0\u00bb global_colors_info=\u00a0\u00bb{}\u00a0\u00bb][\/et_pb_button][\/et_pb_column][et_pb_column type=\u00a0\u00bb1_2&Prime; _builder_version=\u00a0\u00bb4.19.2&Prime; _module_preset=\u00a0\u00bbdefault\u00a0\u00bb global_colors_info=\u00a0\u00bb{}\u00a0\u00bb][et_pb_image src=\u00a0\u00bbhttps:\/\/incrediweb.be\/wp-content\/uploads\/2023\/06\/mockup-incrediweb.jpeg\u00a0\u00bb title_text=\u00a0\u00bbmaquette incrediweb\u00a0\u00bb module_class=\u00a0\u00bbtyping-girl\u00a0\u00bb _builder_version=\u00a0\u00bb4.21.0&Prime; _module_preset=\u00a0\u00bbdefault\u00a0\u00bb global_colors_info=\u00a0\u00bb{}\u00a0\u00bb][\/et_pb_image][\/et_pb_column][\/et_pb_row][\/et_pb_section][et_pb_section fb_built=\u00a0\u00bb1&Prime; _builder_version=\u00a0\u00bb4.21.0&Prime; _module_preset=\u00a0\u00bbdefault\u00a0\u00bb global_colors_info=\u00a0\u00bb{}\u00a0\u00bb][et_pb_row column_structure=\u00a0\u00bb1_2,1_2&Prime; _builder_version=\u00a0\u00bb4.21.0&Prime; _module_preset=\u00a0\u00bbdefault\u00a0\u00bb global_colors_info=\u00a0\u00bb{}\u00a0\u00bb][et_pb_column type=\u00a0\u00bb1_2&Prime; _builder_version=\u00a0\u00bb4.21.0&Prime; _module_preset=\u00a0\u00bbdefault\u00a0\u00bb global_colors_info=\u00a0\u00bb{}\u00a0\u00bb][et_pb_accordion icon_color=\u00a0\u00bb#E09900&Prime; _builder_version=\u00a0\u00bb4.21.0&Prime; _module_preset=\u00a0\u00bbdefault\u00a0\u00bb toggle_text_color=\u00a0\u00bb#feb902&Prime; toggle_level=\u00a0\u00bbh3&Prime; global_colors_info=\u00a0\u00bb{}\u00a0\u00bb][et_pb_accordion_item title=\u00a0\u00bbQuelle est l&rsquo;importance d&rsquo;un site web professionnel pour mon entreprise ind\u00e9pendante ou ma PME ?\u00a0\u00bb open=\u00a0\u00bbon\u00a0\u00bb _builder_version=\u00a0\u00bb4.21.0&Prime; _module_preset=\u00a0\u00bbdefault\u00a0\u00bb global_colors_info=\u00a0\u00bb{}\u00a0\u00bb]<\/p>\n<p>Un site web professionnel est votre carte de visite en ligne et le premier point de contact pour les clients potentiels. Un site web convivial sur lequel vos clients peuvent facilement vous contacter et trouver toutes les informations importantes sur votre entreprise inspire confiance. Cet aspect professionnel contribuera \u00e0 renforcer l&rsquo;image de votre entreprise et vous permettra de gagner de nouveaux clients \u00e0 long terme.<\/p>\n<p>[\/et_pb_accordion_item][et_pb_accordion_item title=\u00a0\u00bbQuelles sont les principales caract\u00e9ristiques d&rsquo;un bon site web commercial ?\u00a0\u00bb _builder_version=\u00a0\u00bb4.21.0&Prime; _module_preset=\u00a0\u00bbdefault\u00a0\u00bb global_colors_info=\u00a0\u00bb{}\u00a0\u00bb open=\u00a0\u00bboff\u00a0\u00bb]<\/p>\n<div class=\"ql-block\" data-block-id=\"block-0595e659-df46-4439-8561-b8f07fef5422\">Un site web efficace pr\u00e9sente les caract\u00e9ristiques suivantes :<\/div>\n<ul>\n<li>Responsive design,<span> <\/span><span class=\"ql-comment\" data-comment-ids=\"90040008707970\" data-comment-unresolved-ids=\"\">pour qu&rsquo;il s&rsquo;affiche aussi bien sur votre<\/span>ordinateur<span class=\"ql-comment\" data-comment-ids=\"90040008707970\" data-comment-unresolved-ids=\"\"><span> <\/span> que sur votre tablette ou votre smartphone<\/span><\/li>\n<li>Une navigation claire et nette<\/li>\n<li>Une conception attrayante qui convient \u00e0 votre entreprise<\/li>\n<li>Contenu de haute qualit\u00e9, informatif et pertinent<\/li>\n<li>Des appels \u00e0 l&rsquo;action clairs<\/li>\n<li>Bonne vitesse de chargement<\/li>\n<li>Optimisation des moteurs de recherche (SEO)<\/li>\n<li>S\u00e9curit\u00e9 et vie priv\u00e9e<\/li>\n<\/ul>\n<p>[\/et_pb_accordion_item][et_pb_accordion_item title=\u00a0\u00bbQu&rsquo;est-ce que l&rsquo;optimisation des moteurs de recherche (SEO) et pourquoi est-elle importante ?\u00a0\u00bb _builder_version=\u00a0\u00bb4.21.0&Prime; _module_preset=\u00a0\u00bbdefault\u00a0\u00bb global_colors_info=\u00a0\u00bb{}\u00a0\u00bb open=\u00a0\u00bboff\u00a0\u00bb]<\/p>\n<p>L&rsquo;optimisation des moteurs de recherche (SEO) est le processus d&rsquo;am\u00e9lioration de votre site web afin qu&rsquo;il soit mieux class\u00e9 dans les moteurs de recherche tels que Google. Un meilleur classement entra\u00eene une plus grande visibilit\u00e9, ce qui se traduit par une augmentation du trafic vers votre site web et, en fin de compte, par un plus grand nombre de clients potentiels et de ventes. Le r\u00e9f\u00e9rencement comprend des aspects techniques et de contenu, ainsi que l&rsquo;am\u00e9lioration de l&rsquo;autorit\u00e9 et de la pertinence de votre site web dans votre domaine.<\/p>\n<p>[\/et_pb_accordion_item][et_pb_accordion_item title=\u00a0\u00bbComment puis-je promouvoir mon site web pour g\u00e9n\u00e9rer plus de clients et de ventes ?\u00a0\u00bb _builder_version=\u00a0\u00bb4.21.0&Prime; _module_preset=\u00a0\u00bbdefault\u00a0\u00bb global_colors_info=\u00a0\u00bb{}\u00a0\u00bb open=\u00a0\u00bboff\u00a0\u00bb]<\/p>\n<div class=\"ql-block\" data-block-id=\"block-efd72884-1e60-4beb-9003-03c2ee615e19\">Vous pouvez promouvoir votre site web par le biais de diverses strat\u00e9gies de marketing en ligne et hors ligne, telles que :<\/div>\n<ul>\n<li>Optimisation des moteurs de recherche (SEO)<\/li>\n<li>Annonces de paiement au clic (PPC)<\/li>\n<li>Marketing des m\u00e9dias sociaux<\/li>\n<li>Marketing par courrier \u00e9lectronique<\/li>\n<li>Marketing de contenu (blogs, articles, vid\u00e9os, etc.)<\/li>\n<li>Promotion hors ligne (cartes de visite, d\u00e9pliants, etc.)<\/li>\n<\/ul>\n<p>[\/et_pb_accordion_item][et_pb_accordion_item title=\u00a0\u00bbDois-je faire appel \u00e0 une soci\u00e9t\u00e9 professionnelle de conception de sites web pour cr\u00e9er mon site web ?\u00a0\u00bb _builder_version=\u00a0\u00bb4.21.0&Prime; _module_preset=\u00a0\u00bbdefault\u00a0\u00bb global_colors_info=\u00a0\u00bb{}\u00a0\u00bb open=\u00a0\u00bboff\u00a0\u00bb]<\/p>\n<p>Bien qu&rsquo;il existe plusieurs outils de cr\u00e9ation de sites web pour les bricoleurs, comme Wix par exemple, il est souvent pr\u00e9f\u00e9rable de faire appel \u00e0 une agence de conception de sites web professionnelle. \u00c9galement pour les ind\u00e9pendants et les PME.<\/p>\n<p>En tant qu&rsquo;entrepreneur, vous \u00eates tr\u00e8s occup\u00e9. Chez Incrediweb, nous le comprenons tr\u00e8s bien en tant que PME. Nous voyons souvent des entrepreneurs qui construisent leur propre site web avec la meilleure volont\u00e9 du monde, mais ils restent ensuite longtemps sur place et deviennent obsol\u00e8tes. Une agence professionnelle de conception de sites web vous d\u00e9chargera du travail sur votre site web, ce qui vous permettra de vous concentrer sur ce que vous faites le mieux.<\/p>\n<p>Nous vous entendons d\u00e9j\u00e0 dire : \u00ab\u00a0Oui, mais les agences de conception de sites web sont incroyablement ch\u00e8res\u00a0\u00bb. Mais rassurez-vous : ce n&rsquo;est pas une fatalit\u00e9 ! Chez Incrediweb, vous b\u00e9n\u00e9ficiez d&rsquo;un site web d&rsquo;entreprise solide avec une assistance professionnelle pour un tarif forfaitaire \u00e0 partir de 49 \u20ac\/mois, sans frais de d\u00e9marrage \u00e9lev\u00e9s.<\/p>\n<p>[\/et_pb_accordion_item][\/et_pb_accordion][\/et_pb_column][et_pb_column type=\u00a0\u00bb1_2&Prime; _builder_version=\u00a0\u00bb4.21.0&Prime; _module_preset=\u00a0\u00bbdefault\u00a0\u00bb global_colors_info=\u00a0\u00bb{}\u00a0\u00bb][et_pb_text _builder_version=\u00a0\u00bb4.21.0&Prime; _module_preset=\u00a0\u00bbdefault\u00a0\u00bb global_colors_info=\u00a0\u00bb{}\u00a0\u00bb]<\/p>\n<h3>Avez-vous d&rsquo;autres questions ?<\/h3>\n<p>[\/et_pb_text][et_pb_text _builder_version=\u00a0\u00bb4.21.0&Prime; _module_preset=\u00a0\u00bbdefault\u00a0\u00bb global_colors_info=\u00a0\u00bb{}\u00a0\u00bb]<\/p>\n<p>Contactez-nous et nous vous r\u00e9pondrons dans les plus brefs d\u00e9lais pour r\u00e9pondre \u00e0 toutes vos questions !<\/p>\n<p>[\/et_pb_text][et_pb_button button_url=\u00a0\u00bb@ET-DC@eyJkeW5hbWljIjp0cnVlLCJjb250ZW50IjoicG9zdF9saW5rX3VybF9wYWdlIiwic2V0dGluZ3MiOnsicG9zdF9pZCI6IjIwMCJ9fQ==@\u00a0\u00bb button_text=\u00a0\u00bbNous contacter\u00a0\u00bb _builder_version=\u00a0\u00bb4.21.0&Prime; _dynamic_attributes=\u00a0\u00bbbutton_url\u00a0\u00bb _module_preset=\u00a0\u00bbdefault\u00a0\u00bb global_colors_info=\u00a0\u00bb{}\u00a0\u00bb][\/et_pb_button][et_pb_image src=\u00a0\u00bbhttps:\/\/incrediweb.be\/wp-content\/uploads\/2023\/06\/zandkasteel-stort-in-illustratie-1.png\u00a0\u00bb title_text=\u00a0\u00bbeffondrement d&rsquo;un ch\u00e2teau de sable &#8211; illustration (1)\u00a0\u00bb align=\u00a0\u00bbcenter\u00a0\u00bb _builder_version=\u00a0\u00bb4.21.0&Prime; _module_preset=\u00a0\u00bbdefault\u00a0\u00bb locked=\u00a0\u00bboff\u00a0\u00bb global_colors_info=\u00a0\u00bb{}\u00a0\u00bb][\/et_pb_image][\/et_pb_column][\/et_pb_row][\/et_pb_section]<\/p>\n","protected":false},"excerpt":{"rendered":"<p>Lire les questions fr\u00e9quemment pos\u00e9es (FAQ)Incrediweb est l\u00e0 pour vous aider \u00e0 cr\u00e9er votre site web. Cela peut vous amener \u00e0 vous poser un certain nombre de questions, dont voici quelques-unes qui peuvent vous aider.N&rsquo;h\u00e9sitez pas \u00e0 nous contacter si vous souhaitez en savoir plus !Un site web professionnel est votre carte de visite en ligne et le premier point de contact pour les clients potentiels. Un site web convivial sur lequel vos clients peuvent facilement vous contacter et trouver toutes les informations importantes sur votre entreprise inspire confiance. Cet aspect professionnel contribuera \u00e0 renforcer l&rsquo;image de votre entreprise et vous permettra de gagner de nouveaux clients \u00e0 long terme.Un site web efficace pr\u00e9sente les caract\u00e9ristiques suivantes : Responsive design, pour qu&rsquo;il s&rsquo;affiche aussi bien sur votreordinateur que sur votre tablette ou votre smartphone Une navigation claire et nette Une conception attrayante qui convient \u00e0 votre entreprise Contenu de haute qualit\u00e9, informatif et pertinent Des appels \u00e0 l&rsquo;action clairs Bonne vitesse de chargement Optimisation des moteurs de recherche (SEO) S\u00e9curit\u00e9 et vie priv\u00e9e L&rsquo;optimisation des moteurs de recherche (SEO) est le processus d&rsquo;am\u00e9lioration de votre site web afin qu&rsquo;il soit mieux class\u00e9 dans les moteurs de recherche tels que Google. [&hellip;]<\/p>\n","protected":false},"author":1,"featured_media":0,"parent":0,"menu_order":0,"comment_status":"closed","ping_status":"closed","template":"","meta":{"_acf_changed":false,"_et_pb_use_builder":"on","_et_pb_old_content":"","_et_gb_content_width":"","iawp_total_views":3,"footnotes":""},"class_list":["post-3703","page","type-page","status-publish","hentry"],"acf":[],"_links":{"self":[{"href":"https:\/\/incrediweb.be\/fr\/wp-json\/wp\/v2\/pages\/3703","targetHints":{"allow":["GET"]}}],"collection":[{"href":"https:\/\/incrediweb.be\/fr\/wp-json\/wp\/v2\/pages"}],"about":[{"href":"https:\/\/incrediweb.be\/fr\/wp-json\/wp\/v2\/types\/page"}],"author":[{"embeddable":true,"href":"https:\/\/incrediweb.be\/fr\/wp-json\/wp\/v2\/users\/1"}],"replies":[{"embeddable":true,"href":"https:\/\/incrediweb.be\/fr\/wp-json\/wp\/v2\/comments?post=3703"}],"version-history":[{"count":0,"href":"https:\/\/incrediweb.be\/fr\/wp-json\/wp\/v2\/pages\/3703\/revisions"}],"wp:attachment":[{"href":"https:\/\/incrediweb.be\/fr\/wp-json\/wp\/v2\/media?parent=3703"}],"curies":[{"name":"wp","href":"https:\/\/api.w.org\/{rel}","templated":true}]}}