{"id":3693,"date":"2023-05-23T13:52:43","date_gmt":"2023-05-23T12:52:43","guid":{"rendered":"https:\/\/incrediweb.be\/personnalisez-votre-site-web\/"},"modified":"2024-09-13T11:28:14","modified_gmt":"2024-09-13T10:28:14","slug":"personnalisez-votre-site-web","status":"publish","type":"page","link":"https:\/\/incrediweb.be\/fr\/personnalisez-votre-site-web\/","title":{"rendered":"Personnalisez votre site web"},"content":{"rendered":"<p>[et_pb_section fb_built=\u00a0\u00bb1&Prime; _builder_version=\u00a0\u00bb4.21.0&Prime; _module_preset=\u00a0\u00bbdefault\u00a0\u00bb saved_tabs=\u00a0\u00bball\u00a0\u00bb global_colors_info=\u00a0\u00bb{}\u00a0\u00bb theme_builder_area=\u00a0\u00bbpost_content\u00a0\u00bb][et_pb_row _builder_version=\u00a0\u00bb4.21.0&Prime; _module_preset=\u00a0\u00bbdefault\u00a0\u00bb global_colors_info=\u00a0\u00bb{}\u00a0\u00bb theme_builder_area=\u00a0\u00bbpost_content\u00a0\u00bb][et_pb_column type=\u00a0\u00bb4_4&Prime; _builder_version=\u00a0\u00bb4.21.0&Prime; _module_preset=\u00a0\u00bbdefault\u00a0\u00bb global_colors_info=\u00a0\u00bb{}\u00a0\u00bb theme_builder_area=\u00a0\u00bbpost_content\u00a0\u00bb][et_pb_text _builder_version=\u00a0\u00bb4.21.0&Prime; _module_preset=\u00a0\u00bbdefault\u00a0\u00bb global_colors_info=\u00a0\u00bb{}\u00a0\u00bb theme_builder_area=\u00a0\u00bbpost_content\u00a0\u00bb]<\/p>\n<h1>Personnalisez votre site web<\/h1>\n<p>[\/et_pb_text][\/et_pb_column][\/et_pb_row][et_pb_row column_structure=\u00a0\u00bb1_2,1_2&Prime; module_class=\u00a0\u00bbalign-rows\u00a0\u00bb _builder_version=\u00a0\u00bb4.21.0&Prime; _module_preset=\u00a0\u00bbdefault\u00a0\u00bb global_colors_info=\u00a0\u00bb{}\u00a0\u00bb theme_builder_area=\u00a0\u00bbpost_content\u00a0\u00bb][et_pb_column type=\u00a0\u00bb1_2&Prime; _builder_version=\u00a0\u00bb4.19.2&Prime; _module_preset=\u00a0\u00bbdefault\u00a0\u00bb global_colors_info=\u00a0\u00bb{}\u00a0\u00bb theme_builder_area=\u00a0\u00bbpost_content\u00a0\u00bb][et_pb_image src=\u00a0\u00bbhttps:\/\/incrediweb.be\/wp-content\/uploads\/2022\/12\/vrouw-werkt-aan-een-computer-illustratie-e1671014720146.png\u00a0\u00bb title_text=\u00a0\u00bbFemme travaillant sur un ordinateur &#8211; illustration\u00a0\u00bb module_class=\u00a0\u00bbtyping-girl\u00a0\u00bb _builder_version=\u00a0\u00bb4.21.0&Prime; _module_preset=\u00a0\u00bbdefault\u00a0\u00bb global_colors_info=\u00a0\u00bb{}\u00a0\u00bb theme_builder_area=\u00a0\u00bbpost_content\u00a0\u00bb][\/et_pb_image][\/et_pb_column][et_pb_column type=\u00a0\u00bb1_2&Prime; _builder_version=\u00a0\u00bb4.19.2&Prime; _module_preset=\u00a0\u00bbdefault\u00a0\u00bb global_colors_info=\u00a0\u00bb{}\u00a0\u00bb theme_builder_area=\u00a0\u00bbpost_content\u00a0\u00bb][et_pb_text _builder_version=\u00a0\u00bb4.27.0&Prime; _module_preset=\u00a0\u00bbdefault\u00a0\u00bb hover_enabled=\u00a0\u00bb0&Prime; global_colors_info=\u00a0\u00bb{}\u00a0\u00bb theme_builder_area=\u00a0\u00bbpost_content\u00a0\u00bb sticky_enabled=\u00a0\u00bb0&Prime;]<\/p>\n<h3>D&rsquo;une t\u00e2che fastidieuse \u00e0 un processus convivial<\/h3>\n<p>Dans le pass\u00e9, la personnalisation d&rsquo;un site web \u00e9tait souvent un processus long et compliqu\u00e9. Si vous n&rsquo;aviez aucune connaissance en mati\u00e8re de code, il vous fallait constamment faire appel \u00e0 un d\u00e9veloppeur pour apporter le moindre changement. Heureusement, cette \u00e9poque est r\u00e9volue gr\u00e2ce aux sites web conviviaux d&rsquo;Incrediweb, que vous pouvez personnaliser vous-m\u00eame \u00e0 l&rsquo;aide de notre \u00ab\u00a0Visual Builder\u00a0\u00bb. Si vous le souhaitez, notre \u00e9quipe reste bien entendu disponible pour modifier le contenu de votre site web \u00e0 votre place.<\/p>\n<p>[\/et_pb_text][\/et_pb_column][\/et_pb_row][et_pb_row column_structure=\u00a0\u00bb1_2,1_2&Prime; module_class=\u00a0\u00bbalign-rows\u00a0\u00bb _builder_version=\u00a0\u00bb4.21.0&Prime; _module_preset=\u00a0\u00bbdefault\u00a0\u00bb global_colors_info=\u00a0\u00bb{}\u00a0\u00bb theme_builder_area=\u00a0\u00bbpost_content\u00a0\u00bb][et_pb_column type=\u00a0\u00bb1_2&Prime; _builder_version=\u00a0\u00bb4.19.2&Prime; _module_preset=\u00a0\u00bbdefault\u00a0\u00bb global_colors_info=\u00a0\u00bb{}\u00a0\u00bb theme_builder_area=\u00a0\u00bbpost_content\u00a0\u00bb][et_pb_text _builder_version=\u00a0\u00bb4.27.0&Prime; _module_preset=\u00a0\u00bbdefault\u00a0\u00bb hover_enabled=\u00a0\u00bb0&Prime; global_colors_info=\u00a0\u00bb{}\u00a0\u00bb theme_builder_area=\u00a0\u00bbpost_content\u00a0\u00bb custom_padding=\u00a0\u00bb||0px|||\u00a0\u00bb sticky_enabled=\u00a0\u00bb0&Prime;]<\/p>\n<h3>La transition vers le Visual Builder d&rsquo;Incrediweb<\/h3>\n<p>Cette m\u00e9thode de travail traditionnelle \u00e9tait loin d&rsquo;\u00eatre id\u00e9ale. Chaque fois que vous souhaitiez apporter une modification \u00e0 votre site web, il fallait contacter votre d\u00e9veloppeur et attendre qu&rsquo;il r\u00e9alise le changement. Une simple modification, comme l&rsquo;ajustement des heures d&rsquo;ouverture pour un jour f\u00e9ri\u00e9, pouvait ainsi devenir un v\u00e9ritable casse-t\u00eate. Cela pourrait \u00eatre plus simple, n&rsquo;est-ce pas ? Gr\u00e2ce au Visual Builder d&rsquo;Incrediweb, personnaliser votre site web est d\u00e9sormais beaucoup plus facile, sans n\u00e9cessiter de connaissances en code.<\/p>\n<p>Mais comment fonctionne exactement Incrediweb et qu&rsquo;est-ce qui le rend si sp\u00e9cial ?<\/p>\n<p>[\/et_pb_text][\/et_pb_column][et_pb_column type=\u00a0\u00bb1_2&Prime; _builder_version=\u00a0\u00bb4.19.2&Prime; _module_preset=\u00a0\u00bbdefault\u00a0\u00bb global_colors_info=\u00a0\u00bb{}\u00a0\u00bb theme_builder_area=\u00a0\u00bbpost_content\u00a0\u00bb][et_pb_image src=\u00a0\u00bbhttps:\/\/incrediweb.be\/wp-content\/uploads\/2023\/06\/vrouw-met-tablet-analyseert-data-illustratie-1.png\u00a0\u00bb title_text=\u00a0\u00bbfemme-avec-tablette-analyses-donn\u00e9es-illustration-1&Prime; module_class=\u00a0\u00bbtyping-girl\u00a0\u00bb _builder_version=\u00a0\u00bb4.21.0&Prime; _module_preset=\u00a0\u00bbdefault\u00a0\u00bb global_colors_info=\u00a0\u00bb{}\u00a0\u00bb theme_builder_area=\u00a0\u00bbpost_content\u00a0\u00bb][\/et_pb_image][\/et_pb_column][\/et_pb_row][et_pb_row column_structure=\u00a0\u00bb1_2,1_2&Prime; module_class=\u00a0\u00bbalign-rows\u00a0\u00bb _builder_version=\u00a0\u00bb4.21.0&Prime; _module_preset=\u00a0\u00bbdefault\u00a0\u00bb global_colors_info=\u00a0\u00bb{}\u00a0\u00bb theme_builder_area=\u00a0\u00bbpost_content\u00a0\u00bb][et_pb_column type=\u00a0\u00bb1_2&Prime; _builder_version=\u00a0\u00bb4.19.2&Prime; _module_preset=\u00a0\u00bbdefault\u00a0\u00bb global_colors_info=\u00a0\u00bb{}\u00a0\u00bb theme_builder_area=\u00a0\u00bbpost_content\u00a0\u00bb][et_pb_video src_webm=\u00a0\u00bbhttps:\/\/incrediweb.be\/wp-content\/uploads\/2023\/06\/video.mp4&Prime; _builder_version=\u00a0\u00bb4.21.0&Prime; _module_preset=\u00a0\u00bbdefault\u00a0\u00bb global_colors_info=\u00a0\u00bb{}\u00a0\u00bb theme_builder_area=\u00a0\u00bbpost_content\u00a0\u00bb][\/et_pb_video][\/et_pb_column][et_pb_column type=\u00a0\u00bb1_2&Prime; _builder_version=\u00a0\u00bb4.19.2&Prime; _module_preset=\u00a0\u00bbdefault\u00a0\u00bb global_colors_info=\u00a0\u00bb{}\u00a0\u00bb theme_builder_area=\u00a0\u00bbpost_content\u00a0\u00bb][et_pb_text _builder_version=\u00a0\u00bb4.21.0&Prime; _module_preset=\u00a0\u00bbdefault\u00a0\u00bb global_colors_info=\u00a0\u00bb{}\u00a0\u00bb theme_builder_area=\u00a0\u00bbpost_content\u00a0\u00bb]<\/p>\n<h3>Le concepteur visuel facile \u00e0 utiliser d&rsquo;Incrediweb<\/h3>\n<p>Incrediweb est une agence belge de d\u00e9veloppement web qui utilise un Visual Builder pour personnaliser votre site web. Vous avez ainsi un contr\u00f4le total sur votre site, tout en pouvant compter sur l&rsquo;assistance personnelle de l&rsquo;\u00e9quipe Incrediweb quand vous en avez besoin. Le Visual Builder est con\u00e7u pour \u00eatre simple et intuitif. Vous pouvez glisser-d\u00e9poser des blocs, ajouter de nouveaux modules et modifier le contenu de votre site en quelques clics. Pour vous montrer \u00e0 quel point c&rsquo;est facile, nous avons r\u00e9alis\u00e9 une courte vid\u00e9o qui vous guide \u00e0 travers le d\u00e9placement des \u00e9l\u00e9ments de votre site, l&rsquo;ajout de nouveaux modules et bien plus encore.<\/p>\n<p>[\/et_pb_text][\/et_pb_column][\/et_pb_row][et_pb_row column_structure=\u00a0\u00bb1_2,1_2&Prime; module_class=\u00a0\u00bbalign-rows\u00a0\u00bb _builder_version=\u00a0\u00bb4.21.0&Prime; _module_preset=\u00a0\u00bbdefault\u00a0\u00bb global_colors_info=\u00a0\u00bb{}\u00a0\u00bb theme_builder_area=\u00a0\u00bbpost_content\u00a0\u00bb][et_pb_column type=\u00a0\u00bb1_2&Prime; _builder_version=\u00a0\u00bb4.19.2&Prime; _module_preset=\u00a0\u00bbdefault\u00a0\u00bb global_colors_info=\u00a0\u00bb{}\u00a0\u00bb theme_builder_area=\u00a0\u00bbpost_content\u00a0\u00bb][et_pb_text _builder_version=\u00a0\u00bb4.27.0&Prime; _module_preset=\u00a0\u00bbdefault\u00a0\u00bb hover_enabled=\u00a0\u00bb0&Prime; global_colors_info=\u00a0\u00bb{}\u00a0\u00bb theme_builder_area=\u00a0\u00bbpost_content\u00a0\u00bb sticky_enabled=\u00a0\u00bb0&Prime;]<\/p>\n<h3>L&rsquo;importance d&rsquo;un bon outil pour le site web<\/h3>\n<p>Dans le monde num\u00e9rique d&rsquo;aujourd&rsquo;hui, avoir une pr\u00e9sence en ligne est essentiel pour toute entreprise, qu&rsquo;elle soit petite ou grande. Le choix de l&rsquo;outil appropri\u00e9 pour la cr\u00e9ation de votre site web est une d\u00e9cision cruciale, car il peut grandement influencer le niveau de support que vous recevrez pour g\u00e9rer votre site.<\/p>\n<p>La principale diff\u00e9rence entre un site <i>Incrediweb<\/i> et un site cr\u00e9\u00e9 avec un outil comme Wix r\u00e9side dans l&rsquo;assistance que vous recevez. Avec un constructeur de site web comme Wix, vous devez tout faire vous-m\u00eame, de la conception \u00e0 la mise en ligne de votre site. Chez <i>Incrediweb<\/i>, nous nous occupons de la cr\u00e9ation initiale de votre site web, vous \u00e9vitant ainsi de partir de z\u00e9ro. Par la suite, vous conservez un contr\u00f4le total sur votre site tout en pouvant toujours compter sur le soutien de notre \u00e9quipe de d\u00e9veloppement. C&rsquo;est l\u00e0 une grande diff\u00e9rence par rapport \u00e0 Wix : vous n&rsquo;\u00eates pas seul pour g\u00e9rer votre site web.[\/et_pb_text][\/et_pb_column][et_pb_column type=\u00a0\u00bb1_2&Prime; _builder_version=\u00a0\u00bb4.19.2&Prime; _module_preset=\u00a0\u00bbdefault\u00a0\u00bb global_colors_info=\u00a0\u00bb{}\u00a0\u00bb theme_builder_area=\u00a0\u00bbpost_content\u00a0\u00bb][et_pb_image src=\u00a0\u00bbhttps:\/\/incrediweb.be\/wp-content\/uploads\/2023\/06\/vrouw-leest-haar-takenlijst-illustratie-1.png\u00a0\u00bb title_text=\u00a0\u00bbfemme-lisant-sa-t\u00e2che-liste-illustration-1&Prime; module_class=\u00a0\u00bbtyping-girl\u00a0\u00bb _builder_version=\u00a0\u00bb4.21.0&Prime; _module_preset=\u00a0\u00bbdefault\u00a0\u00bb global_colors_info=\u00a0\u00bb{}\u00a0\u00bb theme_builder_area=\u00a0\u00bbpost_content\u00a0\u00bb][\/et_pb_image][\/et_pb_column][\/et_pb_row][et_pb_row column_structure=\u00a0\u00bb1_2,1_2&Prime; module_class=\u00a0\u00bbalign-rows\u00a0\u00bb _builder_version=\u00a0\u00bb4.21.0&Prime; _module_preset=\u00a0\u00bbdefault\u00a0\u00bb global_colors_info=\u00a0\u00bb{}\u00a0\u00bb theme_builder_area=\u00a0\u00bbpost_content\u00a0\u00bb][et_pb_column type=\u00a0\u00bb1_2&Prime; _builder_version=\u00a0\u00bb4.19.2&Prime; _module_preset=\u00a0\u00bbdefault\u00a0\u00bb global_colors_info=\u00a0\u00bb{}\u00a0\u00bb theme_builder_area=\u00a0\u00bbpost_content\u00a0\u00bb][et_pb_image src=\u00a0\u00bbhttps:\/\/incrediweb.be\/wp-content\/uploads\/2023\/06\/man-met-ballonnen-blaast-op-feesttoeter-illustratie-1.png\u00a0\u00bb title_text=\u00a0\u00bbhomme-avec-des-ballons-soufflant-sur-le-corps-de-la-f\u00eate-illustration-1&Prime; module_class=\u00a0\u00bbtyping-girl\u00a0\u00bb _builder_version=\u00a0\u00bb4.21.0&Prime; _module_preset=\u00a0\u00bbdefault\u00a0\u00bb global_colors_info=\u00a0\u00bb{}\u00a0\u00bb theme_builder_area=\u00a0\u00bbpost_content\u00a0\u00bb][\/et_pb_image][\/et_pb_column][et_pb_column type=\u00a0\u00bb1_2&Prime; _builder_version=\u00a0\u00bb4.19.2&Prime; _module_preset=\u00a0\u00bbdefault\u00a0\u00bb global_colors_info=\u00a0\u00bb{}\u00a0\u00bb theme_builder_area=\u00a0\u00bbpost_content\u00a0\u00bb][et_pb_text _builder_version=\u00a0\u00bb4.21.0&Prime; _module_preset=\u00a0\u00bbdefault\u00a0\u00bb global_colors_info=\u00a0\u00bb{}\u00a0\u00bb theme_builder_area=\u00a0\u00bbpost_content\u00a0\u00bb]<\/p>\n<h3>Expertise locale et personnalisation facile du site web avec Incrediweb<\/h3>\n<p>En outre, Incrediweb est une soci\u00e9t\u00e9 belge, vous pouvez donc compter sur le support d&rsquo;une \u00e9quipe qui parle votre langue et comprend votre march\u00e9 local. La personnalisation de votre site web n&rsquo;a jamais \u00e9t\u00e9 aussi facile qu&rsquo;avec le Visual Builder d&rsquo;Incrediweb. Vous n&rsquo;avez besoin d&rsquo;aucune connaissance en mati\u00e8re de code et vous pouvez compter sur le soutien personnel d&rsquo;une \u00e9quipe professionnelle. Qu&rsquo;attendez-vous ? Prenez le contr\u00f4le de votre site web et personnalisez-le facilement avec Incrediweb.<\/p>\n<p>[\/et_pb_text][\/et_pb_column][\/et_pb_row][\/et_pb_section]<\/p>\n","protected":false},"excerpt":{"rendered":"<p>Personnalisez votre site webD&rsquo;une t\u00e2che fastidieuse \u00e0 un processus convivial Dans le pass\u00e9, la personnalisation d&rsquo;un site web \u00e9tait souvent un processus long et compliqu\u00e9. Si vous n&rsquo;aviez aucune connaissance en mati\u00e8re de code, il vous fallait constamment faire appel \u00e0 un d\u00e9veloppeur pour apporter le moindre changement. Heureusement, cette \u00e9poque est r\u00e9volue gr\u00e2ce aux sites web conviviaux d&rsquo;Incrediweb, que vous pouvez personnaliser vous-m\u00eame \u00e0 l&rsquo;aide de notre \u00ab\u00a0Visual Builder\u00a0\u00bb. Si vous le souhaitez, notre \u00e9quipe reste bien entendu disponible pour modifier le contenu de votre site web \u00e0 votre place.La transition vers le Visual Builder d&rsquo;Incrediweb Cette m\u00e9thode de travail traditionnelle \u00e9tait loin d&rsquo;\u00eatre id\u00e9ale. Chaque fois que vous souhaitiez apporter une modification \u00e0 votre site web, il fallait contacter votre d\u00e9veloppeur et attendre qu&rsquo;il r\u00e9alise le changement. Une simple modification, comme l&rsquo;ajustement des heures d&rsquo;ouverture pour un jour f\u00e9ri\u00e9, pouvait ainsi devenir un v\u00e9ritable casse-t\u00eate. Cela pourrait \u00eatre plus simple, n&rsquo;est-ce pas ? Gr\u00e2ce au Visual Builder d&rsquo;Incrediweb, personnaliser votre site web est d\u00e9sormais beaucoup plus facile, sans n\u00e9cessiter de connaissances en code. Mais comment fonctionne exactement Incrediweb et qu&rsquo;est-ce qui le rend si sp\u00e9cial ?Le concepteur visuel facile \u00e0 utiliser d&rsquo;Incrediweb Incrediweb est une agence belge de [&hellip;]<\/p>\n","protected":false},"author":2,"featured_media":0,"parent":0,"menu_order":0,"comment_status":"closed","ping_status":"closed","template":"","meta":{"_acf_changed":false,"_et_pb_use_builder":"on","_et_pb_old_content":"","_et_gb_content_width":"","iawp_total_views":4,"footnotes":""},"class_list":["post-3693","page","type-page","status-publish","hentry"],"acf":[],"_links":{"self":[{"href":"https:\/\/incrediweb.be\/fr\/wp-json\/wp\/v2\/pages\/3693","targetHints":{"allow":["GET"]}}],"collection":[{"href":"https:\/\/incrediweb.be\/fr\/wp-json\/wp\/v2\/pages"}],"about":[{"href":"https:\/\/incrediweb.be\/fr\/wp-json\/wp\/v2\/types\/page"}],"author":[{"embeddable":true,"href":"https:\/\/incrediweb.be\/fr\/wp-json\/wp\/v2\/users\/2"}],"replies":[{"embeddable":true,"href":"https:\/\/incrediweb.be\/fr\/wp-json\/wp\/v2\/comments?post=3693"}],"version-history":[{"count":3,"href":"https:\/\/incrediweb.be\/fr\/wp-json\/wp\/v2\/pages\/3693\/revisions"}],"predecessor-version":[{"id":15775,"href":"https:\/\/incrediweb.be\/fr\/wp-json\/wp\/v2\/pages\/3693\/revisions\/15775"}],"wp:attachment":[{"href":"https:\/\/incrediweb.be\/fr\/wp-json\/wp\/v2\/media?parent=3693"}],"curies":[{"name":"wp","href":"https:\/\/api.w.org\/{rel}","templated":true}]}}