{"id":3687,"date":"2023-05-23T22:07:14","date_gmt":"2023-05-23T21:07:14","guid":{"rendered":"https:\/\/incrediweb.be\/site-web-dote-dune-ia-integree-qui-redige-vos-textes\/"},"modified":"2023-06-20T14:45:57","modified_gmt":"2023-06-20T13:45:57","slug":"intelligence-artificielle","status":"publish","type":"page","link":"https:\/\/incrediweb.be\/fr\/intelligence-artificielle\/","title":{"rendered":"L&rsquo;intelligence artificielle"},"content":{"rendered":"<p>[et_pb_section fb_built=\u00a0\u00bb1&Prime; module_class=\u00a0\u00bbgrey-bg\u00a0\u00bb _builder_version=\u00a0\u00bb4.21.0&Prime; _module_preset=\u00a0\u00bbdefault\u00a0\u00bb hover_enabled=\u00a0\u00bb0&Prime; global_colors_info=\u00a0\u00bb{}\u00a0\u00bb sticky_enabled=\u00a0\u00bb0&Prime;][et_pb_row _builder_version=\u00a0\u00bb4.19.2&Prime; _module_preset=\u00a0\u00bbdefault\u00a0\u00bb global_colors_info=\u00a0\u00bb{}\u00a0\u00bb][et_pb_column type=\u00a0\u00bb4_4&Prime; _builder_version=\u00a0\u00bb4.19.2&Prime; _module_preset=\u00a0\u00bbdefault\u00a0\u00bb global_colors_info=\u00a0\u00bb{}\u00a0\u00bb][et_pb_text _builder_version=\u00a0\u00bb4.21.0&Prime; _module_preset=\u00a0\u00bbdefault\u00a0\u00bb global_colors_info=\u00a0\u00bb{}\u00a0\u00bb]<\/p>\n<h1 class=\"smC21486SmSn1p3T104-style\">Un site web dot\u00e9 d&rsquo;une IA ChatGPT int\u00e9gr\u00e9e qui r\u00e9dige vos textes<\/h1>\n<p>[\/et_pb_text][\/et_pb_column][\/et_pb_row][et_pb_row column_structure=\u00a0\u00bb1_2,1_2&Prime; _builder_version=\u00a0\u00bb4.21.0&Prime; _module_preset=\u00a0\u00bbdefault\u00a0\u00bb custom_css_main_element=\u00a0\u00bbdisplay:flex;||align-items:center;\u00a0\u00bb global_colors_info=\u00a0\u00bb{}\u00a0\u00bb][et_pb_column type=\u00a0\u00bb1_2&Prime; _builder_version=\u00a0\u00bb4.19.2&Prime; _module_preset=\u00a0\u00bbdefault\u00a0\u00bb global_colors_info=\u00a0\u00bb{}\u00a0\u00bb][et_pb_text _builder_version=\u00a0\u00bb4.21.0&Prime; _module_preset=\u00a0\u00bbdefault\u00a0\u00bb global_colors_info=\u00a0\u00bb{}\u00a0\u00bb]<\/p>\n<p>R\u00e9diger des textes pour un site web, ce n&rsquo;est clairement pas votre passe-temps pr\u00e9f\u00e9r\u00e9 surtout lorsque votre entreprise est suffisamment occup\u00e9e et que vous d\u00e9bordez de travail. Pourtant le contenu de votre site web est l&rsquo;un des facteurs les plus importants pour convaincre de nouveaux clients \u00e0 s&rsquo;engager aupr\u00e8s de vous.  <\/p>\n<p>Afin de vous faciliter la r\u00e9daction de vos textes, Incrediweb vous propose un syst\u00e8me r\u00e9volutionnaire qui vous permettra de gagner \u00e9norm\u00e9ment de temps : l&rsquo;intelligence artificielle ! Seulement 2 minutes suffiront pour la personnalisation de votre page avec un tout nouveau texte, dans le style et le ton qui conviennent \u00e0 votre entreprise et votre image. Et ce, sans programmation ni ligne de code !<\/p>\n<p>Sur cette vid\u00e9o, notre fondateur Bjorn Engels montre \u00e0 quel point l&rsquo;int\u00e9gration de l&rsquo;IA est simple, facile et efficace.<\/p>\n<p>[\/et_pb_text][et_pb_button button_url=\u00a0\u00bb@ET-DC@eyJkeW5hbWljIjp0cnVlLCJjb250ZW50IjoicG9zdF9saW5rX3VybF9wYWdlIiwic2V0dGluZ3MiOnsicG9zdF9pZCI6IjIwMCJ9fQ==@\u00a0\u00bb button_text=\u00a0\u00bbNous contacter\u00a0\u00bb button_alignment=\u00a0\u00bbleft\u00a0\u00bb button_alignment_tablet=\u00a0\u00bbleft\u00a0\u00bb button_alignment_phone=\u00a0\u00bbleft\u00a0\u00bb button_alignment_last_edited=\u00a0\u00bbon|phone\u00a0\u00bb _builder_version=\u00a0\u00bb4.21.0&Prime; _dynamic_attributes=\u00a0\u00bbbutton_url\u00a0\u00bb _module_preset=\u00a0\u00bbdefault\u00a0\u00bb global_colors_info=\u00a0\u00bb{}\u00a0\u00bb][\/et_pb_button][\/et_pb_column][et_pb_column type=\u00a0\u00bb1_2&Prime; _builder_version=\u00a0\u00bb4.19.2&Prime; _module_preset=\u00a0\u00bbdefault\u00a0\u00bb global_colors_info=\u00a0\u00bb{}\u00a0\u00bb][et_pb_video src=\u00a0\u00bbhttps:\/\/player.vimeo.com\/video\/829482489&Prime; _builder_version=\u00a0\u00bb4.21.0&Prime; _module_preset=\u00a0\u00bbdefault\u00a0\u00bb global_colors_info=\u00a0\u00bb{}\u00a0\u00bb][\/et_pb_video][\/et_pb_column][\/et_pb_row][\/et_pb_section]<\/p>\n","protected":false},"excerpt":{"rendered":"<p>Un site web dot\u00e9 d&rsquo;une IA ChatGPT int\u00e9gr\u00e9e qui r\u00e9dige vos textesR\u00e9diger des textes pour un site web, ce n&rsquo;est clairement pas votre passe-temps pr\u00e9f\u00e9r\u00e9 surtout lorsque votre entreprise est suffisamment occup\u00e9e et que vous d\u00e9bordez de travail. Pourtant le contenu de votre site web est l&rsquo;un des facteurs les plus importants pour convaincre de nouveaux clients \u00e0 s&rsquo;engager aupr\u00e8s de vous. Afin de vous faciliter la r\u00e9daction de vos textes, Incrediweb vous propose un syst\u00e8me r\u00e9volutionnaire qui vous permettra de gagner \u00e9norm\u00e9ment de temps : l&rsquo;intelligence artificielle ! Seulement 2 minutes suffiront pour la personnalisation de votre page avec un tout nouveau texte, dans le style et le ton qui conviennent \u00e0 votre entreprise et votre image. Et ce, sans programmation ni ligne de code ! Sur cette vid\u00e9o, notre fondateur Bjorn Engels montre \u00e0 quel point l&rsquo;int\u00e9gration de l&rsquo;IA est simple, facile et efficace.<\/p>\n","protected":false},"author":2,"featured_media":0,"parent":0,"menu_order":0,"comment_status":"closed","ping_status":"closed","template":"","meta":{"_acf_changed":false,"_et_pb_use_builder":"on","_et_pb_old_content":"","_et_gb_content_width":"","iawp_total_views":2,"footnotes":""},"class_list":["post-3687","page","type-page","status-publish","hentry"],"acf":[],"_links":{"self":[{"href":"https:\/\/incrediweb.be\/fr\/wp-json\/wp\/v2\/pages\/3687","targetHints":{"allow":["GET"]}}],"collection":[{"href":"https:\/\/incrediweb.be\/fr\/wp-json\/wp\/v2\/pages"}],"about":[{"href":"https:\/\/incrediweb.be\/fr\/wp-json\/wp\/v2\/types\/page"}],"author":[{"embeddable":true,"href":"https:\/\/incrediweb.be\/fr\/wp-json\/wp\/v2\/users\/2"}],"replies":[{"embeddable":true,"href":"https:\/\/incrediweb.be\/fr\/wp-json\/wp\/v2\/comments?post=3687"}],"version-history":[{"count":0,"href":"https:\/\/incrediweb.be\/fr\/wp-json\/wp\/v2\/pages\/3687\/revisions"}],"wp:attachment":[{"href":"https:\/\/incrediweb.be\/fr\/wp-json\/wp\/v2\/media?parent=3687"}],"curies":[{"name":"wp","href":"https:\/\/api.w.org\/{rel}","templated":true}]}}