{"id":2706,"date":"2023-02-20T15:19:54","date_gmt":"2023-02-20T14:19:54","guid":{"rendered":"https:\/\/incrediweb.be\/politique-en-matiere-de-cookies\/"},"modified":"2023-03-15T15:44:35","modified_gmt":"2023-03-15T14:44:35","slug":"politique-en-matiere-de-cookies","status":"publish","type":"page","link":"https:\/\/incrediweb.be\/fr\/politique-en-matiere-de-cookies\/","title":{"rendered":"Politique en mati\u00e8re de cookies"},"content":{"rendered":"<p>Derni\u00e8re mise \u00e0 jour :  [Februari 2023]<\/p>\n<p>Cette politique d\u00e9crit comment et pourquoi MALS BY BJORN (\u00ab\u00a0nous\u00a0\u00bb, \u00ab\u00a0notre\u00a0\u00bb, \u00ab\u00a0nos\u00a0\u00bb et \u00ab\u00a0MALS BY BJORN\u00a0\u00bb) utilise des cookies sur ce site Web (incrediweb.be).<\/p>\n<h2>QUE SONT LES COOKIES ?<\/h2>\n<p>Un cookie est un petit \u00e9l\u00e9ment de donn\u00e9es (fichier texte) qu&rsquo;un site Web ou une appli &#8211; lorsqu&rsquo;il est visit\u00e9 par un utilisateur &#8211; ou lorsqu&rsquo;il interagit avec un e-mail, demande \u00e0 ton navigateur de stocker sur ton appareil pour se souvenir d&rsquo;informations te concernant, comme le fait que tu aies consenti ou non \u00e0 notre utilisation de cookies. Ces cookies sont d\u00e9finis par nous et sont appel\u00e9s cookies de premi\u00e8re partie.<\/p>\n<p>Nous utilisons \u00e9galement des cookies tiers &#8211; il s&rsquo;agit de cookies provenant d&rsquo;un domaine autre que celui du site Web que tu visites ou d&rsquo;un domaine que nous ne contr\u00f4lons pas &#8211; par exemple, pour analyser le trafic sur notre site Web.<\/p>\n<h2>COMMENT NOUS UTILISONS LES COOKIES<\/h2>\n<p>Ce site Web utilise deux types de cookies : les cookies persistants et les cookies de session. Les cookies persistants sont des cookies qui restent sur ton appareil pendant une certaine p\u00e9riode (comme indiqu\u00e9 dans le tableau ci-dessous) ou jusqu&rsquo;\u00e0 ce que tu les supprimes ou t&rsquo;y opposes manuellement. Les cookies de session sont des cookies qui expirent \u00e0 la fin de la session du navigateur (par exemple, lorsque tu quittes notre site Web et que tu fermes ton navigateur).<\/p>\n<p>Nous utilisons des cookies strictement n\u00e9cessaires pour (i) stocker les pr\u00e9f\u00e9rences des utilisateurs (y compris les pr\u00e9f\u00e9rences des cookies), et (ii) s\u00e9curiser notre site Web et nos services (par exemple, pour d\u00e9tecter les attaques malveillantes par force brute).<\/p>\n<p>Nous utilisons des cookies non essentiels (pas strictement n\u00e9cessaires) pour observer et analyser les niveaux de trafic et d&rsquo;autres statistiques sur notre site Web, ce qui nous aide \u00e0 am\u00e9liorer notre site Web et ton exp\u00e9rience utilisateur globale. Nous n&rsquo;utilisons des cookies non essentiels que lorsque nous avons ton consentement (voir ci-dessous).<\/p>\n<p>Les cookies peuvent \u00eatre de premi\u00e8re partie ou de tierce partie, ce qui signifie qu&rsquo;ils sont g\u00e9r\u00e9s par nous (premi\u00e8re partie) ou par une autre partie (tierce partie). Les interactions avec les cookies tiers sur notre site Web sont r\u00e9gies par la politique de confidentialit\u00e9 et de cookies du tiers, comme indiqu\u00e9 ci-dessous.<\/p>\n<p>Tu trouveras plus d&rsquo;informations sur les types de cookies que nous utilisons ci-dessous.<\/p>\n<h2>G\u00c9RER LES COOKIES<\/h2>\n<p>Lors de ta premi\u00e8re visite sur notre site Web et tous les six mois par la suite, tu verras une banni\u00e8re de cookies sur la page d&rsquo;accueil qui t&rsquo;informe de la raison pour laquelle les cookies sont utilis\u00e9s et te demande de consentir \u00e0 chaque cookie non essentiel si tu acceptes que nous les utilisions (ou \u00ab\u00a0Accepter les cookies\u00a0\u00bb). Si tu n&rsquo;es pas d&rsquo;accord, tu peux choisir ceux que tu refuses ou acceptes, ou tu peux choisir de \u00ab\u00a0Rejeter les cookies\u00a0\u00bb.<\/p>\n<p>Tu peux modifier tes pr\u00e9f\u00e9rences en mati\u00e8re de cookies via la banni\u00e8re des cookies, o\u00f9 tu as la possibilit\u00e9 d&rsquo;accepter ou de refuser l&rsquo;utilisation de cookies non essentiels sur ton appareil. Cependant, tu peux aussi mettre \u00e0 jour tes pr\u00e9f\u00e9rences en mati\u00e8re de cookies \u00e0 tout moment en utilisant ce bouton ci-dessous :<\/p>\n<h2>PR\u00c9F\u00c9RENCES DU COOKIE<\/h2>\n<p>Cependant, la plupart des navigateurs Web offrent \u00e9galement la possibilit\u00e9 de g\u00e9rer la plupart des cookies via les param\u00e8tres du navigateur. Pour plus d&rsquo;informations sur les cookies et sur la fa\u00e7on de voir quels cookies sont d\u00e9finis, consulte <a href=\"http:\/\/www.aboutcookies.org\/\">www.aboutcookies.org <\/a>ou <a href=\"http:\/\/www.allaboutcookies.org\/\">www.allaboutcookies.org. <\/a><\/p>\n<p>D\u00e9couvre comment g\u00e9rer les cookies sur les navigateurs populaires :<\/p>\n<ul>\n<li><a href=\"https:\/\/support.google.com\/accounts\/answer\/61416?co=GENIE.Platform%3DDesktop&amp;hl=en\" target=\"_blank\" rel=\"noreferrer noopener\">Google Chrome<\/a><\/li>\n<li><a href=\"https:\/\/privacy.microsoft.com\/en-us\/windows-10-microsoft-edge-and-privacy\" target=\"_blank\" rel=\"noreferrer noopener\">Microsoft Edge<\/a><\/li>\n<li><a href=\"https:\/\/support.mozilla.org\/en-US\/kb\/enable-and-disable-cookies-website-preferences\" target=\"_blank\" rel=\"noreferrer noopener\">Mozilla Firefox<\/a><\/li>\n<li><a href=\"https:\/\/support.microsoft.com\/en-gb\/help\/17442\/windows-internet-explorer-delete-manage-cookies\" target=\"_blank\" rel=\"noreferrer noopener\">Microsoft Internet Explorer<\/a><\/li>\n<li><a href=\"https:\/\/www.opera.com\/help\/tutorials\/security\/privacy\/\" target=\"_blank\" rel=\"noreferrer noopener\">Op\u00e9ra<\/a><\/li>\n<li><a href=\"https:\/\/support.apple.com\/en-gb\/safari\" target=\"_blank\" rel=\"noreferrer noopener\">Apple Safari<\/a><\/li>\n<\/ul>\n<p>Pour des informations sur les autres navigateurs, consulte le site Web du d\u00e9veloppeur du navigateur.<\/p>\n<p>Pour ne plus \u00eatre suivi par Google Analytics sur tous les sites Web, consulte le site <a href=\"https:\/\/tools.google.com\/dlpage\/gaoptout\">http:\/\/tools.google.com\/dlpage\/gaoptout<\/a>.<\/p>\n<p>Veuillez noter que vous ne pouvez pas d\u00e9sactiver les cookies strictement n\u00e9cessaires car ils affectent la fonctionnalit\u00e9 de notre site Web et votre capacit\u00e9 \u00e0 utiliser certaines caract\u00e9ristiques et fonctionnalit\u00e9s.<br \/>\n<script type=\"text\/javascript\" charset=\"UTF-8\" data-cookiescriptreport=\"report\" src=\"\/\/report.cookie-script.com\/r\/6730543d6c0455b02d335df2efacfce8.js\"><\/script><\/p>\n<h2>CONTACTEZ-NOUS<\/h2>\n<p>Pour plus d&rsquo;informations sur l&rsquo;utilisation des cookies sur notre site Web, veuillez nous contacter \u00e0 l&rsquo;adresse suivante :<\/p>\n<p>Par courrier :<\/p>\n<p>MALS BY BJORN BV<\/p>\n<p>Ambachtsweg 7<\/p>\n<p>3890 Gingelom<\/p>\n<p>Belgique<\/p>\n<p>Par courriel : <a href=\"mailto:privacy@malsbybjorn.com\">privacy@malsbybjorn.com<\/a><\/p>\n<p>Pour plus d&rsquo;informations sur la fa\u00e7on dont nous traitons les donn\u00e9es personnelles, notamment par l&rsquo;utilisation de cookies, veuillez consulter notre politique de confidentialit\u00e9.<\/p>\n","protected":false},"excerpt":{"rendered":"<p>Derni\u00e8re mise \u00e0 jour : [Februari 2023] Cette politique d\u00e9crit comment et pourquoi MALS BY BJORN (\u00ab\u00a0nous\u00a0\u00bb, \u00ab\u00a0notre\u00a0\u00bb, \u00ab\u00a0nos\u00a0\u00bb et \u00ab\u00a0MALS BY BJORN\u00a0\u00bb) utilise des cookies sur ce site Web (incrediweb.be). QUE SONT LES COOKIES ? Un cookie est un petit \u00e9l\u00e9ment de donn\u00e9es (fichier texte) qu&rsquo;un site Web ou une appli &#8211; lorsqu&rsquo;il est [&hellip;]<\/p>\n","protected":false},"author":2,"featured_media":0,"parent":0,"menu_order":0,"comment_status":"closed","ping_status":"closed","template":"","meta":{"_acf_changed":false,"_et_pb_use_builder":"","_et_pb_old_content":"","_et_gb_content_width":"","iawp_total_views":14,"footnotes":""},"class_list":["post-2706","page","type-page","status-publish","hentry"],"acf":[],"_links":{"self":[{"href":"https:\/\/incrediweb.be\/fr\/wp-json\/wp\/v2\/pages\/2706","targetHints":{"allow":["GET"]}}],"collection":[{"href":"https:\/\/incrediweb.be\/fr\/wp-json\/wp\/v2\/pages"}],"about":[{"href":"https:\/\/incrediweb.be\/fr\/wp-json\/wp\/v2\/types\/page"}],"author":[{"embeddable":true,"href":"https:\/\/incrediweb.be\/fr\/wp-json\/wp\/v2\/users\/2"}],"replies":[{"embeddable":true,"href":"https:\/\/incrediweb.be\/fr\/wp-json\/wp\/v2\/comments?post=2706"}],"version-history":[{"count":0,"href":"https:\/\/incrediweb.be\/fr\/wp-json\/wp\/v2\/pages\/2706\/revisions"}],"wp:attachment":[{"href":"https:\/\/incrediweb.be\/fr\/wp-json\/wp\/v2\/media?parent=2706"}],"curies":[{"name":"wp","href":"https:\/\/api.w.org\/{rel}","templated":true}]}}