{"id":195,"date":"2022-12-15T15:05:57","date_gmt":"2022-12-15T14:05:57","guid":{"rendered":"https:\/\/incrediweb.be\/?page_id=195"},"modified":"2024-09-13T11:22:49","modified_gmt":"2024-09-13T10:22:49","slug":"a-propos","status":"publish","type":"page","link":"https:\/\/incrediweb.be\/fr\/a-propos\/","title":{"rendered":"\u00c0 propos"},"content":{"rendered":"<p>[et_pb_section fb_built=\u00a0\u00bb1&Prime; module_class=\u00a0\u00bbgrey-bg no-pad-bottom\u00a0\u00bb _builder_version=\u00a0\u00bb4.19.2&Prime; _module_preset=\u00a0\u00bbdefault\u00a0\u00bb global_colors_info=\u00a0\u00bb{}\u00a0\u00bb theme_builder_area=\u00a0\u00bbpost_content\u00a0\u00bb][et_pb_row _builder_version=\u00a0\u00bb4.19.2&Prime; _module_preset=\u00a0\u00bbdefault\u00a0\u00bb global_colors_info=\u00a0\u00bb{}\u00a0\u00bb theme_builder_area=\u00a0\u00bbpost_content\u00a0\u00bb][et_pb_column type=\u00a0\u00bb4_4&Prime; _builder_version=\u00a0\u00bb4.19.2&Prime; _module_preset=\u00a0\u00bbdefault\u00a0\u00bb global_colors_info=\u00a0\u00bb{}\u00a0\u00bb theme_builder_area=\u00a0\u00bbpost_content\u00a0\u00bb][et_pb_text _builder_version=\u00a0\u00bb4.19.2&Prime; _module_preset=\u00a0\u00bbdefault\u00a0\u00bb global_colors_info=\u00a0\u00bb{}\u00a0\u00bb theme_builder_area=\u00a0\u00bbpost_content\u00a0\u00bb]<\/p>\n<h1 class=\"title-anim\">\u00c0 propos<\/h1>\n<p>[\/et_pb_text][\/et_pb_column][\/et_pb_row][et_pb_row column_structure=\u00a0\u00bb1_2,1_2&Prime; _builder_version=\u00a0\u00bb4.19.2&Prime; _module_preset=\u00a0\u00bbdefault\u00a0\u00bb global_colors_info=\u00a0\u00bb{}\u00a0\u00bb theme_builder_area=\u00a0\u00bbpost_content\u00a0\u00bb][et_pb_column type=\u00a0\u00bb1_2&Prime; _builder_version=\u00a0\u00bb4.19.2&Prime; _module_preset=\u00a0\u00bbdefault\u00a0\u00bb global_colors_info=\u00a0\u00bb{}\u00a0\u00bb theme_builder_area=\u00a0\u00bbpost_content\u00a0\u00bb][et_pb_code _builder_version=\u00a0\u00bb4.19.2&Prime; _module_preset=\u00a0\u00bbdefault\u00a0\u00bb global_colors_info=\u00a0\u00bb{}\u00a0\u00bb theme_builder_area=\u00a0\u00bbpost_content\u00a0\u00bb]  <!-- [et_pb_line_break_holder] --><body><!-- [et_pb_line_break_holder] -->  <\/p>\n<h2 id=\"typedtext\"><\/h2>\n<p><!-- [et_pb_line_break_holder] --><\/body><!-- [et_pb_line_break_holder] --><!-- [et_pb_line_break_holder] --><script><!-- [et_pb_line_break_holder] -->\/\/ set up text to print, each item in array is new line<!-- [et_pb_line_break_holder] -->var aText = new Array(<!-- [et_pb_line_break_holder] -->\"Notre vision\"<!-- [et_pb_line_break_holder] -->);<!-- [et_pb_line_break_holder] -->var iSpeed = 40; \/\/ time delay of print out<!-- [et_pb_line_break_holder] -->var iIndex = 0; \/\/ start printing array at this position<!-- [et_pb_line_break_holder] -->var iArrLength = aText[0].length; \/\/ the length of the text array<!-- [et_pb_line_break_holder] -->var iScrollAt = 20; \/\/ start scrolling up at this many lines<!-- [et_pb_line_break_holder] --> <!-- [et_pb_line_break_holder] -->var iTextPos = 0; \/\/ initialise text position<!-- [et_pb_line_break_holder] -->var sContents = ''; \/\/ initialise contents variable<!-- [et_pb_line_break_holder] -->var iRow; \/\/ initialise current row<!-- [et_pb_line_break_holder] --> <!-- [et_pb_line_break_holder] -->function typewriter()<!-- [et_pb_line_break_holder] -->{<!-- [et_pb_line_break_holder] --> sContents =  ' ';<!-- [et_pb_line_break_holder] --> iRow = Math.max(0, iIndex-iScrollAt);<!-- [et_pb_line_break_holder] --> var destination = document.getElementById(\"typedtext\");<!-- [et_pb_line_break_holder] --> <!-- [et_pb_line_break_holder] --> while ( iRow < iIndex ) {<!-- [et_pb_line_break_holder] -->  sContents += aText[iRow++] + '<!\u2013- [et_pb_br_holder] -\u2013>';<!-- [et_pb_line_break_holder] --> }<!-- [et_pb_line_break_holder] --> destination.innerHTML = sContents + aText[iIndex].substring(0, iTextPos) + \"_\";<!-- [et_pb_line_break_holder] --> if ( iTextPos++ == iArrLength ) {<!-- [et_pb_line_break_holder] -->  iTextPos = 0;<!-- [et_pb_line_break_holder] -->  iIndex++;<!-- [et_pb_line_break_holder] -->  if ( iIndex != aText.length ) {<!-- [et_pb_line_break_holder] -->   iArrLength = aText[iIndex].length;<!-- [et_pb_line_break_holder] -->   setTimeout(\"typewriter()\", 500);<!-- [et_pb_line_break_holder] -->  }<!-- [et_pb_line_break_holder] --> } else {<!-- [et_pb_line_break_holder] -->  setTimeout(\"typewriter()\", iSpeed);<!-- [et_pb_line_break_holder] --> }<!-- [et_pb_line_break_holder] -->}<!-- [et_pb_line_break_holder] --><!-- [et_pb_line_break_holder] --><!-- [et_pb_line_break_holder] -->typewriter();<!-- [et_pb_line_break_holder] --><!-- [et_pb_line_break_holder] --><!-- [et_pb_line_break_holder] --><\/script>[\/et_pb_code][et_pb_text _builder_version=\u00a0\u00bb4.27.0&Prime; _module_preset=\u00a0\u00bbdefault\u00a0\u00bb hover_enabled=\u00a0\u00bb0&Prime; global_colors_info=\u00a0\u00bb{}\u00a0\u00bb theme_builder_area=\u00a0\u00bbpost_content\u00a0\u00bb sticky_enabled=\u00a0\u00bb0&Prime;]<span>Incrediweb a vu le jour au sein de\u00a0<b><a class=\"sw_alink\" href=\"https:\/\/rootagency.be\/\" target=\"_self\" rel=\"noopener\">Root Agency<\/a><\/b>, o\u00f9 nous cr\u00e9ons des sites web personnalis\u00e9s pour des PME belges et des entreprises internationales cot\u00e9es en bourse depuis plus de 6 ans.<\/span><\/p>\n<p><span>Les entrepreneurs belges locaux nous ont souvent sollicit\u00e9 pour cr\u00e9er leur nouveau site web. Cependant, le co\u00fbt initial \u00e9lev\u00e9 (pour les petites entreprises) et le temps de d\u00e9veloppement d&rsquo;un site web enti\u00e8rement personnalis\u00e9 nous ont souvent frein\u00e9s dans la r\u00e9alisation de ces projets pour ces entreprises locales.<\/span><\/p>\n<p><span>Nous avons pourtant souhait\u00e9 r\u00e9pondre aux besoins des entrepreneurs et PME belges. C&rsquo;est ainsi que nous avons fond\u00e9\u00a0<b>Incrediweb<\/b>\u00a0avec une approche optimis\u00e9e qui nous permet de proposer des sites web professionnels \u00e0 un tarif mensuel fixe, sans frais de d\u00e9marrage \u00e9lev\u00e9s.<\/span><\/p>\n<p><span>Gr\u00e2ce \u00e0 notre outil de cr\u00e9ation de sites web performant, nous sommes en mesure de proposer des ajustements, une maintenance, des sauvegardes, et bien plus encore \u00e0 un tarif transparent. Vous savez donc exactement quel est l&rsquo;investissement pour votre site web, sans mauvaises surprises. Le tout avec un design personnalis\u00e9, fid\u00e8le \u00e0 l\u2019identit\u00e9 visuelle de votre entreprise.<\/span>[\/et_pb_text][\/et_pb_column][et_pb_column type=\u00a0\u00bb1_2&Prime; _builder_version=\u00a0\u00bb4.19.2&Prime; _module_preset=\u00a0\u00bbdefault\u00a0\u00bb global_colors_info=\u00a0\u00bb{}\u00a0\u00bb theme_builder_area=\u00a0\u00bbpost_content\u00a0\u00bb][et_pb_image src=\u00a0\u00bbhttps:\/\/incrediweb.be\/wp-content\/uploads\/2022\/12\/twee-collegas-werken-tegenover-elkaar-aan-een-bureau-illustratie.png\u00a0\u00bb title_text=\u00a0\u00bbtwee collega&rsquo;s werken tegenover elkaar aan een bureau &#8211; illustratie\u00a0\u00bb align=\u00a0\u00bbcenter\u00a0\u00bb module_class=\u00a0\u00bbballoon\u00a0\u00bb _builder_version=\u00a0\u00bb4.19.2&Prime; _module_preset=\u00a0\u00bbdefault\u00a0\u00bb global_colors_info=\u00a0\u00bb{}\u00a0\u00bb theme_builder_area=\u00a0\u00bbpost_content\u00a0\u00bb][\/et_pb_image][\/et_pb_column][\/et_pb_row][\/et_pb_section][et_pb_section fb_built=\u00a0\u00bb1&Prime; _builder_version=\u00a0\u00bb4.19.2&Prime; _module_preset=\u00a0\u00bbdefault\u00a0\u00bb global_colors_info=\u00a0\u00bb{}\u00a0\u00bb theme_builder_area=\u00a0\u00bbpost_content\u00a0\u00bb][et_pb_row _builder_version=\u00a0\u00bb4.19.2&Prime; _module_preset=\u00a0\u00bbdefault\u00a0\u00bb global_colors_info=\u00a0\u00bb{}\u00a0\u00bb theme_builder_area=\u00a0\u00bbpost_content\u00a0\u00bb][et_pb_column type=\u00a0\u00bb4_4&Prime; _builder_version=\u00a0\u00bb4.19.2&Prime; _module_preset=\u00a0\u00bbdefault\u00a0\u00bb global_colors_info=\u00a0\u00bb{}\u00a0\u00bb theme_builder_area=\u00a0\u00bbpost_content\u00a0\u00bb][et_pb_text _builder_version=\u00a0\u00bb4.19.2&Prime; _module_preset=\u00a0\u00bbdefault\u00a0\u00bb global_colors_info=\u00a0\u00bb{}\u00a0\u00bb theme_builder_area=\u00a0\u00bbpost_content\u00a0\u00bb]<\/p>\n<h2 style=\"text-align: center;\">Nos avantages<\/h2>\n<p>[\/et_pb_text][\/et_pb_column][\/et_pb_row][et_pb_row column_structure=\u00a0\u00bb1_3,1_3,1_3&Prime; _builder_version=\u00a0\u00bb4.19.2&Prime; _module_preset=\u00a0\u00bbdefault\u00a0\u00bb global_colors_info=\u00a0\u00bb{}\u00a0\u00bb theme_builder_area=\u00a0\u00bbpost_content\u00a0\u00bb][et_pb_column type=\u00a0\u00bb1_3&Prime; _builder_version=\u00a0\u00bb4.19.2&Prime; _module_preset=\u00a0\u00bbdefault\u00a0\u00bb global_colors_info=\u00a0\u00bb{}\u00a0\u00bb theme_builder_area=\u00a0\u00bbpost_content\u00a0\u00bb][et_pb_icon font_icon=\u00a0\u00bb&#xf651;||fa||900&Prime; icon_color=\u00a0\u00bb#FEB902&Prime; _builder_version=\u00a0\u00bb4.19.2&Prime; _module_preset=\u00a0\u00bbdefault\u00a0\u00bb animation_style=\u00a0\u00bbfade\u00a0\u00bb global_colors_info=\u00a0\u00bb{%22gcid-1a817431-72d3-47dd-8119-60e243ae170a%22:%91%22icon_color%22%93,%22gcid-a74b3887-c00e-4642-b39b-d983da90c7dd%22:%91%22icon_color__hover%22%93}\u00a0\u00bb icon_color__hover_enabled=\u00a0\u00bbon|hover\u00a0\u00bb icon_color__hover=\u00a0\u00bb#0FC2FE\u00a0\u00bb theme_builder_area=\u00a0\u00bbpost_content\u00a0\u00bb][\/et_pb_icon][et_pb_text _builder_version=\u00a0\u00bb4.19.2&Prime; _module_preset=\u00a0\u00bbdefault\u00a0\u00bb global_colors_info=\u00a0\u00bb{}\u00a0\u00bb theme_builder_area=\u00a0\u00bbpost_content\u00a0\u00bb]<\/p>\n<h3 style=\"text-align: center;\">Des tarifs avantageux<\/h3>\n<p>[\/et_pb_text][\/et_pb_column][et_pb_column type=\u00a0\u00bb1_3&Prime; _builder_version=\u00a0\u00bb4.19.2&Prime; _module_preset=\u00a0\u00bbdefault\u00a0\u00bb global_colors_info=\u00a0\u00bb{}\u00a0\u00bb theme_builder_area=\u00a0\u00bbpost_content\u00a0\u00bb][et_pb_icon font_icon=\u00a0\u00bb&#x6c;||divi||400&Prime; icon_color=\u00a0\u00bb#FEB902&Prime; _builder_version=\u00a0\u00bb4.19.2&Prime; _module_preset=\u00a0\u00bbdefault\u00a0\u00bb animation_style=\u00a0\u00bbfade\u00a0\u00bb locked=\u00a0\u00bboff\u00a0\u00bb global_colors_info=\u00a0\u00bb{%22gcid-1a817431-72d3-47dd-8119-60e243ae170a%22:%91%22icon_color%22%93,%22gcid-a74b3887-c00e-4642-b39b-d983da90c7dd%22:%91%22icon_color__hover%22%93}\u00a0\u00bb icon_color__hover=\u00a0\u00bb#0FC2FE\u00a0\u00bb icon_color__hover_enabled=\u00a0\u00bbon|hover\u00a0\u00bb theme_builder_area=\u00a0\u00bbpost_content\u00a0\u00bb][\/et_pb_icon][et_pb_text _builder_version=\u00a0\u00bb4.19.2&Prime; _module_preset=\u00a0\u00bbdefault\u00a0\u00bb locked=\u00a0\u00bboff\u00a0\u00bb global_colors_info=\u00a0\u00bb{}\u00a0\u00bb theme_builder_area=\u00a0\u00bbpost_content\u00a0\u00bb]<\/p>\n<h3 style=\"text-align: center;\">Un design personnalis\u00e9 \u00e0 votre image<\/h3>\n<p>[\/et_pb_text][\/et_pb_column][et_pb_column type=\u00a0\u00bb1_3&Prime; _builder_version=\u00a0\u00bb4.19.2&Prime; _module_preset=\u00a0\u00bbdefault\u00a0\u00bb global_colors_info=\u00a0\u00bb{}\u00a0\u00bb theme_builder_area=\u00a0\u00bbpost_content\u00a0\u00bb][et_pb_icon font_icon=\u00a0\u00bb&#xe0e8;||divi||400&Prime; icon_color=\u00a0\u00bb#FEB902&Prime; _builder_version=\u00a0\u00bb4.19.2&Prime; _module_preset=\u00a0\u00bbdefault\u00a0\u00bb animation_style=\u00a0\u00bbfade\u00a0\u00bb locked=\u00a0\u00bboff\u00a0\u00bb global_colors_info=\u00a0\u00bb{}\u00a0\u00bb icon_color__hover_enabled=\u00a0\u00bbon|hover\u00a0\u00bb icon_color__hover=\u00a0\u00bb#0FC2FE\u00a0\u00bb theme_builder_area=\u00a0\u00bbpost_content\u00a0\u00bb][\/et_pb_icon][et_pb_text _builder_version=\u00a0\u00bb4.19.2&Prime; _module_preset=\u00a0\u00bbdefault\u00a0\u00bb locked=\u00a0\u00bboff\u00a0\u00bb global_colors_info=\u00a0\u00bb{}\u00a0\u00bb theme_builder_area=\u00a0\u00bbpost_content\u00a0\u00bb]<\/p>\n<h3 style=\"text-align: center;\">Des maintenances et des sauvegardes r\u00e9guli\u00e8re<\/h3>\n<p>[\/et_pb_text][\/et_pb_column][\/et_pb_row][\/et_pb_section][et_pb_section fb_built=\u00a0\u00bb1&Prime; module_class=\u00a0\u00bbgrey-bg\u00a0\u00bb _builder_version=\u00a0\u00bb4.19.2&Prime; _module_preset=\u00a0\u00bbdefault\u00a0\u00bb global_colors_info=\u00a0\u00bb{}\u00a0\u00bb theme_builder_area=\u00a0\u00bbpost_content\u00a0\u00bb][et_pb_row _builder_version=\u00a0\u00bb4.19.2&Prime; _module_preset=\u00a0\u00bbdefault\u00a0\u00bb global_colors_info=\u00a0\u00bb{}\u00a0\u00bb theme_builder_area=\u00a0\u00bbpost_content\u00a0\u00bb][et_pb_column type=\u00a0\u00bb4_4&Prime; _builder_version=\u00a0\u00bb4.19.2&Prime; _module_preset=\u00a0\u00bbdefault\u00a0\u00bb global_colors_info=\u00a0\u00bb{}\u00a0\u00bb theme_builder_area=\u00a0\u00bbpost_content\u00a0\u00bb][et_pb_text _builder_version=\u00a0\u00bb4.19.2&Prime; _module_preset=\u00a0\u00bbdefault\u00a0\u00bb global_colors_info=\u00a0\u00bb{}\u00a0\u00bb theme_builder_area=\u00a0\u00bbpost_content\u00a0\u00bb]<\/p>\n<h2 style=\"text-align: center;\">Rencontrez notre \u00e9quipe<\/h2>\n<p>[\/et_pb_text][\/et_pb_column][\/et_pb_row][et_pb_row column_structure=\u00a0\u00bb1_3,1_3,1_3&Prime; _builder_version=\u00a0\u00bb4.19.2&Prime; _module_preset=\u00a0\u00bbdefault\u00a0\u00bb global_colors_info=\u00a0\u00bb{}\u00a0\u00bb theme_builder_area=\u00a0\u00bbpost_content\u00a0\u00bb][et_pb_column type=\u00a0\u00bb1_3&Prime; _builder_version=\u00a0\u00bb4.19.2&Prime; _module_preset=\u00a0\u00bbdefault\u00a0\u00bb global_colors_info=\u00a0\u00bb{}\u00a0\u00bb theme_builder_area=\u00a0\u00bbpost_content\u00a0\u00bb][et_pb_code _builder_version=\u00a0\u00bb4.19.2&Prime; _module_preset=\u00a0\u00bbdefault\u00a0\u00bb link_option_url=\u00a0\u00bbmailto:bjorn@rootagency.be\u00a0\u00bb global_colors_info=\u00a0\u00bb{}\u00a0\u00bb theme_builder_area=\u00a0\u00bbpost_content\u00a0\u00bb]<\/p>\n<div class=\"box\"><!-- [et_pb_line_break_holder] -->      <\/p>\n<div class=\"card\"><!-- [et_pb_line_break_holder] -->        <\/p>\n<div class=\"imgBx\"><!-- [et_pb_line_break_holder] -->            <img decoding=\"async\" src=\"https:\/\/incrediweb.be\/wp-content\/uploads\/2023\/01\/323075640_608359801055061_5669292415360718305_n-e1674228980258.png\"><!-- [et_pb_line_break_holder] -->        <\/div>\n<p><!-- [et_pb_line_break_holder] -->        <\/p>\n<div class=\"details\"><!-- [et_pb_line_break_holder] -->            <\/p>\n<h2>Bjorn Engels<!\u2013- [et_pb_br_holder] -\u2013><span>FONDATEUR<\/span><!-- [et_pb_line_break_holder] -->          <\/h2>\n<p><!-- [et_pb_line_break_holder] -->        <\/div>\n<p><!-- [et_pb_line_break_holder] -->      <\/div>\n<p><!-- [et_pb_line_break_holder] -->  <\/div>\n<p>[\/et_pb_code][\/et_pb_column][et_pb_column type=\u00a0\u00bb1_3&Prime; _builder_version=\u00a0\u00bb4.19.2&Prime; _module_preset=\u00a0\u00bbdefault\u00a0\u00bb global_colors_info=\u00a0\u00bb{}\u00a0\u00bb theme_builder_area=\u00a0\u00bbpost_content\u00a0\u00bb][et_pb_code _builder_version=\u00a0\u00bb4.19.2&Prime; _module_preset=\u00a0\u00bbdefault\u00a0\u00bb locked=\u00a0\u00bboff\u00a0\u00bb global_colors_info=\u00a0\u00bb{}\u00a0\u00bb theme_builder_area=\u00a0\u00bbpost_content\u00a0\u00bb]<\/p>\n<div class=\"box\"><!-- [et_pb_line_break_holder] -->      <\/p>\n<div class=\"card\"><!-- [et_pb_line_break_holder] -->        <\/p>\n<div class=\"imgBx\"><!-- [et_pb_line_break_holder] -->            <img decoding=\"async\" src=\"https:\/\/incrediweb.be\/wp-content\/uploads\/2022\/12\/I62A5082-aan-het-bewerken-scaled-e1671189963159.jpg\" alt=\"images\"><!-- [et_pb_line_break_holder] -->        <\/div>\n<p><!-- [et_pb_line_break_holder] -->        <\/p>\n<div class=\"details\"><!-- [et_pb_line_break_holder] -->            <\/p>\n<h2>Rapha\u00ebl Horvat<!\u2013- [et_pb_br_holder] -\u2013><span>Digital marketer<\/span><\/h2>\n<p><!-- [et_pb_line_break_holder] -->        <\/div>\n<p><!-- [et_pb_line_break_holder] -->      <\/div>\n<p><!-- [et_pb_line_break_holder] -->  <\/div>\n<p>[\/et_pb_code][\/et_pb_column][et_pb_column type=\u00a0\u00bb1_3&Prime; _builder_version=\u00a0\u00bb4.19.2&Prime; _module_preset=\u00a0\u00bbdefault\u00a0\u00bb global_colors_info=\u00a0\u00bb{}\u00a0\u00bb theme_builder_area=\u00a0\u00bbpost_content\u00a0\u00bb][et_pb_code _builder_version=\u00a0\u00bb4.19.2&Prime; _module_preset=\u00a0\u00bbdefault\u00a0\u00bb link_option_url=\u00a0\u00bbmailto:alan@rootagency.be\u00a0\u00bb locked=\u00a0\u00bboff\u00a0\u00bb global_colors_info=\u00a0\u00bb{}\u00a0\u00bb theme_builder_area=\u00a0\u00bbpost_content\u00a0\u00bb]<\/p>\n<div class=\"box\"><!-- [et_pb_line_break_holder] -->      <\/p>\n<div class=\"card\"><!-- [et_pb_line_break_holder] -->        <\/p>\n<div class=\"imgBx\"><!-- [et_pb_line_break_holder] -->            <img decoding=\"async\" src=\"https:\/\/incrediweb.be\/wp-content\/uploads\/2023\/01\/324218029_570799521278255_2122356600882811305_n-e1674229034185.png\" alt=\"images\"><!-- [et_pb_line_break_holder] -->        <\/div>\n<p><!-- [et_pb_line_break_holder] -->        <\/p>\n<div class=\"details\"><!-- [et_pb_line_break_holder] -->            <\/p>\n<h2>Alan Louette<!\u2013- [et_pb_br_holder] -\u2013><span>Dev\u00e9loppeur Web<\/span><\/h2>\n<p><!-- [et_pb_line_break_holder] -->        <\/div>\n<p><!-- [et_pb_line_break_holder] -->      <\/div>\n<p><!-- [et_pb_line_break_holder] -->  <\/div>\n<p>[\/et_pb_code][\/et_pb_column][\/et_pb_row][et_pb_row _builder_version=\u00a0\u00bb4.19.2&Prime; _module_preset=\u00a0\u00bbdefault\u00a0\u00bb global_colors_info=\u00a0\u00bb{}\u00a0\u00bb theme_builder_area=\u00a0\u00bbpost_content\u00a0\u00bb][et_pb_column type=\u00a0\u00bb4_4&Prime; _builder_version=\u00a0\u00bb4.19.2&Prime; _module_preset=\u00a0\u00bbdefault\u00a0\u00bb global_colors_info=\u00a0\u00bb{}\u00a0\u00bb theme_builder_area=\u00a0\u00bbpost_content\u00a0\u00bb][et_pb_text _builder_version=\u00a0\u00bb4.19.2&Prime; _module_preset=\u00a0\u00bbdefault\u00a0\u00bb global_colors_info=\u00a0\u00bb{}\u00a0\u00bb theme_builder_area=\u00a0\u00bbpost_content\u00a0\u00bb]<\/p>\n<h2 style=\"text-align: center;\">Et notre mascotte !<\/h2>\n<p>[\/et_pb_text][\/et_pb_column][\/et_pb_row][et_pb_row _builder_version=\u00a0\u00bb4.19.2&Prime; _module_preset=\u00a0\u00bbdefault\u00a0\u00bb global_colors_info=\u00a0\u00bb{}\u00a0\u00bb theme_builder_area=\u00a0\u00bbpost_content\u00a0\u00bb][et_pb_column type=\u00a0\u00bb4_4&Prime; _builder_version=\u00a0\u00bb4.19.2&Prime; _module_preset=\u00a0\u00bbdefault\u00a0\u00bb global_colors_info=\u00a0\u00bb{}\u00a0\u00bb theme_builder_area=\u00a0\u00bbpost_content\u00a0\u00bb][et_pb_code _builder_version=\u00a0\u00bb4.19.2&Prime; _module_preset=\u00a0\u00bbdefault\u00a0\u00bb locked=\u00a0\u00bboff\u00a0\u00bb global_colors_info=\u00a0\u00bb{}\u00a0\u00bb theme_builder_area=\u00a0\u00bbpost_content\u00a0\u00bb]<\/p>\n<div class=\"box\"><!-- [et_pb_line_break_holder] -->      <\/p>\n<div class=\"card\"><!-- [et_pb_line_break_holder] -->        <\/p>\n<div class=\"imgBx\"><!-- [et_pb_line_break_holder] -->            <img decoding=\"async\" src=\"https:\/\/incrediweb.be\/wp-content\/uploads\/2023\/01\/324043900_502429035370065_8441663282650563891_n-e1674229266487.png\" alt=\"images\"><!-- [et_pb_line_break_holder] -->        <\/div>\n<p><!-- [et_pb_line_break_holder] -->        <\/p>\n<div class=\"details\"><!-- [et_pb_line_break_holder] -->            <\/p>\n<h2>Muffin<!\u2013- [et_pb_br_holder] -\u2013><span>Mascotte<\/span><\/h2>\n<p><!-- [et_pb_line_break_holder] -->        <\/div>\n<p><!-- [et_pb_line_break_holder] -->      <\/div>\n<p><!-- [et_pb_line_break_holder] -->  <\/div>\n<p>[\/et_pb_code][\/et_pb_column][\/et_pb_row][\/et_pb_section]<\/p>\n","protected":false},"excerpt":{"rendered":"<p>\u00c0 proposIncrediweb a vu le jour au sein de\u00a0Root Agency, o\u00f9 nous cr\u00e9ons des sites web personnalis\u00e9s pour des PME belges et des entreprises internationales cot\u00e9es en bourse depuis plus de 6 ans. Les entrepreneurs belges locaux nous ont souvent sollicit\u00e9 pour cr\u00e9er leur nouveau site web. Cependant, le co\u00fbt initial \u00e9lev\u00e9 (pour les petites entreprises) et le temps de d\u00e9veloppement d&rsquo;un site web enti\u00e8rement personnalis\u00e9 nous ont souvent frein\u00e9s dans la r\u00e9alisation de ces projets pour ces entreprises locales. Nous avons pourtant souhait\u00e9 r\u00e9pondre aux besoins des entrepreneurs et PME belges. C&rsquo;est ainsi que nous avons fond\u00e9\u00a0Incrediweb\u00a0avec une approche optimis\u00e9e qui nous permet de proposer des sites web professionnels \u00e0 un tarif mensuel fixe, sans frais de d\u00e9marrage \u00e9lev\u00e9s. Gr\u00e2ce \u00e0 notre outil de cr\u00e9ation de sites web performant, nous sommes en mesure de proposer des ajustements, une maintenance, des sauvegardes, et bien plus encore \u00e0 un tarif transparent. Vous savez donc exactement quel est l&rsquo;investissement pour votre site web, sans mauvaises surprises. Le tout avec un design personnalis\u00e9, fid\u00e8le \u00e0 l\u2019identit\u00e9 visuelle de votre entreprise.Nos avantagesDes tarifs avantageuxUn design personnalis\u00e9 \u00e0 votre imageDes maintenances et des sauvegardes r\u00e9guli\u00e8reRencontrez notre \u00e9quipeEt notre mascotte !<\/p>\n","protected":false},"author":1,"featured_media":0,"parent":0,"menu_order":0,"comment_status":"closed","ping_status":"closed","template":"","meta":{"_acf_changed":false,"_et_pb_use_builder":"on","_et_pb_old_content":"","_et_gb_content_width":"","iawp_total_views":35,"footnotes":""},"class_list":["post-195","page","type-page","status-publish","hentry"],"acf":[],"_links":{"self":[{"href":"https:\/\/incrediweb.be\/fr\/wp-json\/wp\/v2\/pages\/195","targetHints":{"allow":["GET"]}}],"collection":[{"href":"https:\/\/incrediweb.be\/fr\/wp-json\/wp\/v2\/pages"}],"about":[{"href":"https:\/\/incrediweb.be\/fr\/wp-json\/wp\/v2\/types\/page"}],"author":[{"embeddable":true,"href":"https:\/\/incrediweb.be\/fr\/wp-json\/wp\/v2\/users\/1"}],"replies":[{"embeddable":true,"href":"https:\/\/incrediweb.be\/fr\/wp-json\/wp\/v2\/comments?post=195"}],"version-history":[{"count":1,"href":"https:\/\/incrediweb.be\/fr\/wp-json\/wp\/v2\/pages\/195\/revisions"}],"predecessor-version":[{"id":15771,"href":"https:\/\/incrediweb.be\/fr\/wp-json\/wp\/v2\/pages\/195\/revisions\/15771"}],"wp:attachment":[{"href":"https:\/\/incrediweb.be\/fr\/wp-json\/wp\/v2\/media?parent=195"}],"curies":[{"name":"wp","href":"https:\/\/api.w.org\/{rel}","templated":true}]}}