{"id":191,"date":"2022-12-15T15:05:22","date_gmt":"2022-12-15T14:05:22","guid":{"rendered":"https:\/\/incrediweb.be\/?page_id=191"},"modified":"2024-10-14T15:05:42","modified_gmt":"2024-10-14T14:05:42","slug":"creation-site-web","status":"publish","type":"page","link":"https:\/\/incrediweb.be\/fr\/creation-site-web\/","title":{"rendered":"Cr\u00e9ation site web"},"content":{"rendered":"<p>[et_pb_section fb_built=\u00a0\u00bb1&Prime; module_class=\u00a0\u00bbgrey-bg no-pad-bottom\u00a0\u00bb _builder_version=\u00a0\u00bb4.19.2&Prime; _module_preset=\u00a0\u00bbdefault\u00a0\u00bb global_colors_info=\u00a0\u00bb{}\u00a0\u00bb][et_pb_row _builder_version=\u00a0\u00bb4.19.2&Prime; _module_preset=\u00a0\u00bbdefault\u00a0\u00bb global_colors_info=\u00a0\u00bb{}\u00a0\u00bb][et_pb_column type=\u00a0\u00bb4_4&Prime; _builder_version=\u00a0\u00bb4.19.2&Prime; _module_preset=\u00a0\u00bbdefault\u00a0\u00bb global_colors_info=\u00a0\u00bb{}\u00a0\u00bb][et_pb_text _builder_version=\u00a0\u00bb4.19.2&Prime; _module_preset=\u00a0\u00bbdefault\u00a0\u00bb global_colors_info=\u00a0\u00bb{}\u00a0\u00bb]<\/p>\n<h1 class=\"smC21486SmSn1p3T104-style\">Cr\u00e9ation site internet<\/h1>\n<p>[\/et_pb_text][\/et_pb_column][\/et_pb_row][et_pb_row column_structure=\u00a0\u00bb1_2,1_2&Prime; _builder_version=\u00a0\u00bb4.19.2&Prime; _module_preset=\u00a0\u00bbdefault\u00a0\u00bb custom_css_main_element=\u00a0\u00bbpadding-bottom:0px;\u00a0\u00bb global_colors_info=\u00a0\u00bb{}\u00a0\u00bb][et_pb_column type=\u00a0\u00bb1_2&Prime; _builder_version=\u00a0\u00bb4.19.2&Prime; _module_preset=\u00a0\u00bbdefault\u00a0\u00bb global_colors_info=\u00a0\u00bb{}\u00a0\u00bb][et_pb_code _builder_version=\u00a0\u00bb4.19.2&Prime; _module_preset=\u00a0\u00bbdefault\u00a0\u00bb global_colors_info=\u00a0\u00bb{}\u00a0\u00bb]  <!-- [et_pb_line_break_holder] --><body><!-- [et_pb_line_break_holder] -->  <\/p>\n<h2 id=\"typedtext\"><\/h2>\n<p><!-- [et_pb_line_break_holder] --><\/body><!-- [et_pb_line_break_holder] --><!-- [et_pb_line_break_holder] --><script><!-- [et_pb_line_break_holder] -->\/\/ set up text to print, each item in array is new line<!-- [et_pb_line_break_holder] -->var aText = new Array(<!-- [et_pb_line_break_holder] -->\"Cr\u00e9er un site web pour un tarif mensuel fixe\"<!-- [et_pb_line_break_holder] -->);<!-- [et_pb_line_break_holder] -->var iSpeed = 40; \/\/ time delay of print out<!-- [et_pb_line_break_holder] -->var iIndex = 0; \/\/ start printing array at this position<!-- [et_pb_line_break_holder] -->var iArrLength = aText[0].length; \/\/ the length of the text array<!-- [et_pb_line_break_holder] -->var iScrollAt = 20; \/\/ start scrolling up at this many lines<!-- [et_pb_line_break_holder] --> <!-- [et_pb_line_break_holder] -->var iTextPos = 0; \/\/ initialise text position<!-- [et_pb_line_break_holder] -->var sContents = ''; \/\/ initialise contents variable<!-- [et_pb_line_break_holder] -->var iRow; \/\/ initialise current row<!-- [et_pb_line_break_holder] --> <!-- [et_pb_line_break_holder] -->function typewriter()<!-- [et_pb_line_break_holder] -->{<!-- [et_pb_line_break_holder] --> sContents =  ' ';<!-- [et_pb_line_break_holder] --> iRow = Math.max(0, iIndex-iScrollAt);<!-- [et_pb_line_break_holder] --> var destination = document.getElementById(\"typedtext\");<!-- [et_pb_line_break_holder] --> <!-- [et_pb_line_break_holder] --> while ( iRow < iIndex ) {<!-- [et_pb_line_break_holder] -->  sContents += aText[iRow++] + '<!\u2013- [et_pb_br_holder] -\u2013>';<!-- [et_pb_line_break_holder] --> }<!-- [et_pb_line_break_holder] --> destination.innerHTML = sContents + aText[iIndex].substring(0, iTextPos) + \"_\";<!-- [et_pb_line_break_holder] --> if ( iTextPos++ == iArrLength ) {<!-- [et_pb_line_break_holder] -->  iTextPos = 0;<!-- [et_pb_line_break_holder] -->  iIndex++;<!-- [et_pb_line_break_holder] -->  if ( iIndex != aText.length ) {<!-- [et_pb_line_break_holder] -->   iArrLength = aText[iIndex].length;<!-- [et_pb_line_break_holder] -->   setTimeout(\"typewriter()\", 500);<!-- [et_pb_line_break_holder] -->  }<!-- [et_pb_line_break_holder] --> } else {<!-- [et_pb_line_break_holder] -->  setTimeout(\"typewriter()\", iSpeed);<!-- [et_pb_line_break_holder] --> }<!-- [et_pb_line_break_holder] -->}<!-- [et_pb_line_break_holder] --><!-- [et_pb_line_break_holder] --><!-- [et_pb_line_break_holder] -->typewriter();<!-- [et_pb_line_break_holder] --><!-- [et_pb_line_break_holder] --><!-- [et_pb_line_break_holder] --><\/script>[\/et_pb_code][et_pb_text _builder_version=\u00a0\u00bb4.19.2&Prime; _module_preset=\u00a0\u00bbdefault\u00a0\u00bb global_colors_info=\u00a0\u00bb{}\u00a0\u00bb]<\/p>\n<p><span>Vous cherchez une agence sp\u00e9cialis\u00e9e dans la conception de sites web pour les entrepreneurs et les PME ? Alors Incrediweb est l&rsquo;endroit id\u00e9al pour vous !<\/span><\/p>\n<p>[\/et_pb_text][et_pb_button button_url=\u00a0\u00bb@ET-DC@eyJkeW5hbWljIjp0cnVlLCJjb250ZW50IjoicG9zdF9saW5rX3VybF9wYWdlIiwic2V0dGluZ3MiOnsicG9zdF9pZCI6IjIwMCJ9fQ==@\u00a0\u00bb button_text=\u00a0\u00bbNous contacter\u00a0\u00bb button_alignment=\u00a0\u00bbleft\u00a0\u00bb button_alignment_tablet=\u00a0\u00bbleft\u00a0\u00bb button_alignment_phone=\u00a0\u00bbleft\u00a0\u00bb button_alignment_last_edited=\u00a0\u00bbon|phone\u00a0\u00bb _builder_version=\u00a0\u00bb4.19.2&Prime; _dynamic_attributes=\u00a0\u00bbbutton_url\u00a0\u00bb _module_preset=\u00a0\u00bbdefault\u00a0\u00bb global_colors_info=\u00a0\u00bb{}\u00a0\u00bb][\/et_pb_button][\/et_pb_column][et_pb_column type=\u00a0\u00bb1_2&Prime; _builder_version=\u00a0\u00bb4.19.2&Prime; _module_preset=\u00a0\u00bbdefault\u00a0\u00bb global_colors_info=\u00a0\u00bb{}\u00a0\u00bb][et_pb_image src=\u00a0\u00bbhttps:\/\/incrediweb.be\/wp-content\/uploads\/2022\/12\/man-bouwt-een-website-illustratie.png\u00a0\u00bb title_text=\u00a0\u00bbman bouwt een website &#8211; illustratie\u00a0\u00bb align=\u00a0\u00bbcenter\u00a0\u00bb module_class=\u00a0\u00bbballoon\u00a0\u00bb _builder_version=\u00a0\u00bb4.19.2&Prime; _module_preset=\u00a0\u00bbdefault\u00a0\u00bb global_colors_info=\u00a0\u00bb{}\u00a0\u00bb][\/et_pb_image][\/et_pb_column][\/et_pb_row][\/et_pb_section][et_pb_section fb_built=\u00a0\u00bb1&Prime; _builder_version=\u00a0\u00bb4.19.2&Prime; _module_preset=\u00a0\u00bbdefault\u00a0\u00bb global_module=\u00a0\u00bb210&Prime; saved_tabs=\u00a0\u00bball\u00a0\u00bb global_colors_info=\u00a0\u00bb{}\u00a0\u00bb][et_pb_row column_structure=\u00a0\u00bb1_2,1_2&Prime; module_class=\u00a0\u00bbalign-rows\u00a0\u00bb _builder_version=\u00a0\u00bb4.19.2&Prime; _module_preset=\u00a0\u00bbdefault\u00a0\u00bb global_colors_info=\u00a0\u00bb{}\u00a0\u00bb][et_pb_column type=\u00a0\u00bb1_2&Prime; _builder_version=\u00a0\u00bb4.19.2&Prime; _module_preset=\u00a0\u00bbdefault\u00a0\u00bb global_colors_info=\u00a0\u00bb{}\u00a0\u00bb][et_pb_image src=\u00a0\u00bbhttps:\/\/incrediweb.be\/wp-content\/uploads\/2022\/12\/vrouw-werkt-aan-een-computer-illustratie-e1671014720146.png\u00a0\u00bb title_text=\u00a0\u00bbvrouw werkt aan een computer &#8211; illustratie\u00a0\u00bb module_class=\u00a0\u00bbtyping-girl\u00a0\u00bb _builder_version=\u00a0\u00bb4.19.2&Prime; _module_preset=\u00a0\u00bbdefault\u00a0\u00bb global_colors_info=\u00a0\u00bb{}\u00a0\u00bb][\/et_pb_image][\/et_pb_column][et_pb_column type=\u00a0\u00bb1_2&Prime; _builder_version=\u00a0\u00bb4.19.2&Prime; _module_preset=\u00a0\u00bbdefault\u00a0\u00bb global_colors_info=\u00a0\u00bb{}\u00a0\u00bb][et_pb_text _builder_version=\u00a0\u00bb4.23&Prime; _module_preset=\u00a0\u00bbdefault\u00a0\u00bb global_colors_info=\u00a0\u00bb{}\u00a0\u00bb]Avec <span style=\"color: var(--yellow);\"><strong>incrediweb<\/strong><\/span>, vous savez \u00e0 quoi vous en tenir.<br \/>\nUne approche directe et des prix transparents pour un site web moderne et toujours \u00e0 jour.<\/p>\n<p>En outre, il n&rsquo;y a pas de frais de d\u00e9marrage \u00e9lev\u00e9s. Vous ne payez qu&rsquo;un montant mensuel ou annuel transparent. L&rsquo;h\u00e9bergement, l&rsquo;assistance et les adaptations sont inclus.[\/et_pb_text][et_pb_button button_url=\u00a0\u00bb@ET-DC@eyJkeW5hbWljIjp0cnVlLCJjb250ZW50IjoicG9zdF9saW5rX3VybF9wYWdlIiwic2V0dGluZ3MiOnsicG9zdF9pZCI6IjE5MSJ9fQ==@\u00a0\u00bb button_text=\u00a0\u00bbCr\u00e9er mon site web\u00a0\u00bb _builder_version=\u00a0\u00bb4.23&Prime; _dynamic_attributes=\u00a0\u00bbbutton_url\u00a0\u00bb _module_preset=\u00a0\u00bbdefault\u00a0\u00bb global_colors_info=\u00a0\u00bb{}\u00a0\u00bb][\/et_pb_button][\/et_pb_column][\/et_pb_row][\/et_pb_section][et_pb_section fb_built=\u00a0\u00bb1&Prime; module_class=\u00a0\u00bbgrey-bg\u00a0\u00bb _builder_version=\u00a0\u00bb4.19.2&Prime; _module_preset=\u00a0\u00bbdefault\u00a0\u00bb global_module=\u00a0\u00bb211&Prime; saved_tabs=\u00a0\u00bball\u00a0\u00bb global_colors_info=\u00a0\u00bb{}\u00a0\u00bb][et_pb_row column_structure=\u00a0\u00bb1_3,1_3,1_3&Prime; _builder_version=\u00a0\u00bb4.19.2&Prime; _module_preset=\u00a0\u00bbdefault\u00a0\u00bb global_colors_info=\u00a0\u00bb{}\u00a0\u00bb][et_pb_column type=\u00a0\u00bb1_3&Prime; module_class=\u00a0\u00bbwhite-border what-we-do\u00a0\u00bb _builder_version=\u00a0\u00bb4.19.2&Prime; _dynamic_attributes=\u00a0\u00bblink_option_url\u00a0\u00bb _module_preset=\u00a0\u00bbdefault\u00a0\u00bb link_option_url=\u00a0\u00bb@ET-DC@eyJkeW5hbWljIjp0cnVlLCJjb250ZW50IjoicG9zdF9saW5rX3VybF9wYWdlIiwic2V0dGluZ3MiOnsicG9zdF9pZCI6IjE5MyJ9fQ==@\u00a0\u00bb global_colors_info=\u00a0\u00bb{}\u00a0\u00bb][et_pb_image src=\u00a0\u00bbhttps:\/\/incrediweb.be\/wp-content\/uploads\/2022\/12\/man-analyseert-prijsgrafiek-illustratie.png\u00a0\u00bb title_text=\u00a0\u00bbman analyseert prijsgrafiek &#8211; illustratie\u00a0\u00bb module_class=\u00a0\u00bbnormal-pic\u00a0\u00bb _builder_version=\u00a0\u00bb4.19.2&Prime; _module_preset=\u00a0\u00bbdefault\u00a0\u00bb global_colors_info=\u00a0\u00bb{}\u00a0\u00bb][\/et_pb_image][et_pb_text _builder_version=\u00a0\u00bb4.21.0&Prime; _module_preset=\u00a0\u00bbdefault\u00a0\u00bb global_colors_info=\u00a0\u00bb{}\u00a0\u00bb]<\/p>\n<h3 style=\"text-align: center;\">Montant fixe par mois<\/h3>\n<p>[\/et_pb_text][et_pb_text _builder_version=\u00a0\u00bb4.21.0&Prime; _module_preset=\u00a0\u00bbdefault\u00a0\u00bb global_colors_info=\u00a0\u00bb{}\u00a0\u00bb]<\/p>\n<p style=\"text-align: left;\"><span>Choisissez parmi des\u00a0<\/span><strong>forfaits transparents<\/strong><span>\u00a0et\u00a0<\/span><strong>simples<\/strong><span>\u00a0avec un prix fixe par mois. Pas de mauvaises surprises dues \u00e0 une facturation \u00e0 l&rsquo;heure ou \u00e0 un prix de d\u00e9part \u00e9lev\u00e9.<\/span><\/p>\n<p>[\/et_pb_text][\/et_pb_column][et_pb_column type=\u00a0\u00bb1_3&Prime; module_class=\u00a0\u00bbwhite-border what-we-do\u00a0\u00bb _builder_version=\u00a0\u00bb4.19.2&Prime; _dynamic_attributes=\u00a0\u00bblink_option_url\u00a0\u00bb _module_preset=\u00a0\u00bbdefault\u00a0\u00bb link_option_url=\u00a0\u00bb@ET-DC@eyJkeW5hbWljIjp0cnVlLCJjb250ZW50IjoicG9zdF9saW5rX3VybF9wYWdlIiwic2V0dGluZ3MiOnsicG9zdF9pZCI6IjE5MSJ9fQ==@\u00a0\u00bb global_colors_info=\u00a0\u00bb{}\u00a0\u00bb][et_pb_image src=\u00a0\u00bbhttps:\/\/incrediweb.be\/wp-content\/uploads\/2022\/12\/man-bouwt-een-website-illustratie.png\u00a0\u00bb title_text=\u00a0\u00bbman bouwt een website &#8211; illustratie\u00a0\u00bb module_class=\u00a0\u00bbnormal-pic\u00a0\u00bb _builder_version=\u00a0\u00bb4.19.2&Prime; _module_preset=\u00a0\u00bbdefault\u00a0\u00bb locked=\u00a0\u00bboff\u00a0\u00bb global_colors_info=\u00a0\u00bb{}\u00a0\u00bb][\/et_pb_image][et_pb_text _builder_version=\u00a0\u00bb4.21.0&Prime; _module_preset=\u00a0\u00bbdefault\u00a0\u00bb locked=\u00a0\u00bboff\u00a0\u00bb global_colors_info=\u00a0\u00bb{}\u00a0\u00bb]<\/p>\n<h3 style=\"text-align: center;\">Design personnalis\u00e9<\/h3>\n<p>[\/et_pb_text][et_pb_text _builder_version=\u00a0\u00bb4.21.0&Prime; _module_preset=\u00a0\u00bbdefault\u00a0\u00bb locked=\u00a0\u00bboff\u00a0\u00bb global_colors_info=\u00a0\u00bb{}\u00a0\u00bb]<\/p>\n<p><span>Nous transposons le\u00a0<\/span><strong>style maison de votre entreprise<\/strong><span>\u00a0sur votre site web. Votre propre site sur l&rsquo;internet obtient l&rsquo;<\/span><strong>aspect professionnel<\/strong><span>\u00a0n\u00e9cessaire.<\/span><\/p>\n<p>[\/et_pb_text][\/et_pb_column][et_pb_column type=\u00a0\u00bb1_3&Prime; module_class=\u00a0\u00bbwhite-border what-we-do\u00a0\u00bb _builder_version=\u00a0\u00bb4.19.2&Prime; _dynamic_attributes=\u00a0\u00bblink_option_url\u00a0\u00bb _module_preset=\u00a0\u00bbdefault\u00a0\u00bb link_option_url=\u00a0\u00bb@ET-DC@eyJkeW5hbWljIjp0cnVlLCJjb250ZW50IjoicG9zdF9saW5rX3VybF9wYWdlIiwic2V0dGluZ3MiOnsicG9zdF9pZCI6IjE5MSJ9fQ==@\u00a0\u00bb global_colors_info=\u00a0\u00bb{}\u00a0\u00bb][et_pb_image src=\u00a0\u00bbhttps:\/\/incrediweb.be\/wp-content\/uploads\/2022\/12\/vrouw-wacht-geduldig-op-trage-schildpad-illustratie.png\u00a0\u00bb title_text=\u00a0\u00bbvrouw wacht geduldig op trage schildpad &#8211; illustratie\u00a0\u00bb module_class=\u00a0\u00bbnormal-pic\u00a0\u00bb _builder_version=\u00a0\u00bb4.19.2&Prime; _module_preset=\u00a0\u00bbdefault\u00a0\u00bb locked=\u00a0\u00bboff\u00a0\u00bb global_colors_info=\u00a0\u00bb{}\u00a0\u00bb][\/et_pb_image][et_pb_text _builder_version=\u00a0\u00bb4.21.0&Prime; _module_preset=\u00a0\u00bbdefault\u00a0\u00bb locked=\u00a0\u00bboff\u00a0\u00bb global_colors_info=\u00a0\u00bb{}\u00a0\u00bb]<\/p>\n<h3 style=\"text-align: center;\">Tout est inclus<\/h3>\n<p>[\/et_pb_text][et_pb_text _builder_version=\u00a0\u00bb4.21.0&Prime; _module_preset=\u00a0\u00bbdefault\u00a0\u00bb locked=\u00a0\u00bboff\u00a0\u00bb global_colors_info=\u00a0\u00bb{}\u00a0\u00bb]<\/p>\n<p><span>Chez\u00a0<\/span><span><strong>incrediweb<\/strong><\/span><span>, tout est inclus. Le lancement de votre site web est gratuit. Votre licence annuelle comprend l&rsquo;h\u00e9bergement, le\u00a0<\/span><strong>nom de domaine<\/strong><span>, une\u00a0<\/span><strong>adresse \u00e9lectronique professionnelle<\/strong><span>, les<\/span><strong><span>\u00a0<\/span>mises \u00e0 jour<\/strong><span>\u00a0et toute\u00a0<\/span><strong>modification du contenu<\/strong><span>\u00a0que vous souhaitez.<\/span><\/p>\n<p>[\/et_pb_text][\/et_pb_column][\/et_pb_row][\/et_pb_section]<\/p>\n","protected":false},"excerpt":{"rendered":"<p>Cr\u00e9ation site internetVous cherchez une agence sp\u00e9cialis\u00e9e dans la conception de sites web pour les entrepreneurs et les PME ? Alors Incrediweb est l&rsquo;endroit id\u00e9al pour vous !Avec incrediweb, vous savez \u00e0 quoi vous en tenir. Une approche directe et des prix transparents pour un site web moderne et toujours \u00e0 jour. En outre, il n&rsquo;y a pas de frais de d\u00e9marrage \u00e9lev\u00e9s. Vous ne payez qu&rsquo;un montant mensuel ou annuel transparent. L&rsquo;h\u00e9bergement, l&rsquo;assistance et les adaptations sont inclus.Montant fixe par moisChoisissez parmi des\u00a0forfaits transparents\u00a0et\u00a0simples\u00a0avec un prix fixe par mois. Pas de mauvaises surprises dues \u00e0 une facturation \u00e0 l&rsquo;heure ou \u00e0 un prix de d\u00e9part \u00e9lev\u00e9.Design personnalis\u00e9Nous transposons le\u00a0style maison de votre entreprise\u00a0sur votre site web. Votre propre site sur l&rsquo;internet obtient l&rsquo;aspect professionnel\u00a0n\u00e9cessaire.Tout est inclusChez\u00a0incrediweb, tout est inclus. Le lancement de votre site web est gratuit. Votre licence annuelle comprend l&rsquo;h\u00e9bergement, le\u00a0nom de domaine, une\u00a0adresse \u00e9lectronique professionnelle, les\u00a0mises \u00e0 jour\u00a0et toute\u00a0modification du contenu\u00a0que vous souhaitez.<\/p>\n","protected":false},"author":1,"featured_media":0,"parent":0,"menu_order":0,"comment_status":"closed","ping_status":"closed","template":"","meta":{"_acf_changed":false,"_et_pb_use_builder":"on","_et_pb_old_content":"<!-- wp:divi\/placeholder \/-->","_et_gb_content_width":"","iawp_total_views":18,"footnotes":""},"class_list":["post-191","page","type-page","status-publish","hentry"],"acf":[],"_links":{"self":[{"href":"https:\/\/incrediweb.be\/fr\/wp-json\/wp\/v2\/pages\/191","targetHints":{"allow":["GET"]}}],"collection":[{"href":"https:\/\/incrediweb.be\/fr\/wp-json\/wp\/v2\/pages"}],"about":[{"href":"https:\/\/incrediweb.be\/fr\/wp-json\/wp\/v2\/types\/page"}],"author":[{"embeddable":true,"href":"https:\/\/incrediweb.be\/fr\/wp-json\/wp\/v2\/users\/1"}],"replies":[{"embeddable":true,"href":"https:\/\/incrediweb.be\/fr\/wp-json\/wp\/v2\/comments?post=191"}],"version-history":[{"count":1,"href":"https:\/\/incrediweb.be\/fr\/wp-json\/wp\/v2\/pages\/191\/revisions"}],"predecessor-version":[{"id":15994,"href":"https:\/\/incrediweb.be\/fr\/wp-json\/wp\/v2\/pages\/191\/revisions\/15994"}],"wp:attachment":[{"href":"https:\/\/incrediweb.be\/fr\/wp-json\/wp\/v2\/media?parent=191"}],"curies":[{"name":"wp","href":"https:\/\/api.w.org\/{rel}","templated":true}]}}